{"id":329,"date":"2017-05-21T18:44:48","date_gmt":"2017-05-21T18:44:48","guid":{"rendered":"http:\/\/appartements-buedingen.de\/?page_id=329"},"modified":"2018-05-31T10:38:29","modified_gmt":"2018-05-31T10:38:29","slug":"anfahrt","status":"publish","type":"page","link":"https:\/\/appartements-buedingen.de\/en\/anfahrt","title":{"rendered":"Anfahrt"},"content":{"rendered":"<p><span style=\"font-family: arial,helvetica,sans-serif;\"><strong>B\u00fcdingen:<br \/>\n<\/strong>Der Bahnhof liegt auf der Strecke Gie\u00dfen-Gelnhausen (mit Anschluss nach Frankfurt) und ist etwa 1,2 km von der Ferienwohnung Am Schlosspark und Ambiente Mediterran entfernt. Abholung auf Wunsch gegen Aufpreis m\u00f6glich!<\/span><br \/>\n<span style=\"font-family: arial,helvetica,sans-serif;\"> Mit dem Auto erreichen Sie B\u00fcdingen \u00fcber die A45 (Abfahrt Altenstadt) oder \u00fcber die A66 (Abfahrt Gr\u00fcndau). Klicken Sie <a href=\"https:\/\/www.google.de\/maps\">hier<\/a>, um die Route zu berechnen. <\/span><br \/>\n<span style=\"font-family: arial,helvetica,sans-serif;\"> Zu den Wohnungen \u201eAm Schlosspark\u201c halten Sie sich Richtung Altstadt\/Schloss und fahren bis zur Stra\u00dfe \u201cAm Hain\u201d Hausnr. 10. Parken ist an der Stra\u00dfe vor dem Haus m\u00f6glich. <\/span><br \/>\n<span style=\"font-family: arial,helvetica,sans-serif;\"> Zur Wohnung \u201cAmbiente Mediterran\u201d fahren Sie von der A66 kommend nach Passieren des Ortseingangs im Kreisverkehr links (2. Ausfahrt) und dann nach dem 3. Haus links in die Hofeinfahrt (Parkplatz Nr. 11). Oder von der A45 kommend am Kreisverkehr rechts (2. Ausfahrt), dann an 2 Ampeln geradeaus und im Kreisverkehr gleich wieder rechts (1. Ausfahrt). Schlie\u00dflich nach dem 3. Haus links in die Hofeinfahrt (Parkplatz Nr. 11).<\/span><br \/>\n<span style=\"font-family: arial,helvetica,sans-serif;\"> Der Flughafen Frankfurt liegt ca. 45 Autominuten entfernt.<\/span><br \/>\n<span style=\"font-family: arial,helvetica,sans-serif;\"> Weitere Hinweise bei <a href=\"https:\/\/www.google.de\/maps\">google maps<\/a> und <a href=\"https:\/\/www.bahn.de\">Deutsche Bahn<\/a><\/span><\/p>\n<p><span style=\"font-family: arial,helvetica,sans-serif;\"><strong>Bad Kissingen<\/strong>:<\/span><br \/>\n<span style=\"font-family: arial,helvetica,sans-serif;\"> Es gibt eine gute Anbindung an den \u00f6ffentlichen Personennahverkehr. Eine Bushaltestelle befindet sich in unmittelbarer N\u00e4he. <\/span><br \/>\n<span style=\"font-family: arial,helvetica,sans-serif;\"> F\u00fcr G\u00e4ste mit PKW: F\u00fcr Sie steht der private Parkplatz Nr. 8 zur Verf\u00fcgung. Zudem gibt es einige Besucherparkpl\u00e4tze direkt vor dem Haus.<\/span><\/p>\n<p><span style=\"font-family: arial,helvetica,sans-serif;\"><a href=\"http:\/\/appartements-buedingen.de\/\"><span style=\"color: #333399;\">Unsere Fewos<\/span><\/a>\u00a0\u00a0 <a href=\"http:\/\/appartements-buedingen.de\/wohnung1\">Wohnen Am Schlosspark OG<\/a>\u00a0\u00a0 <a href=\"http:\/\/appartements-buedingen.de\/wohnen-am-schlosspark-eg\"><span style=\"color: #333399;\">Wohnen Am Schlosspark EG<\/span><\/a>\u00a0\u00a0 <a href=\"http:\/\/appartements-buedingen.de\/ambiente-mediterran\">Ambiente Mediterran<\/a>\u00a0\u00a0 <a href=\"http:\/\/appartements-buedingen.de\/buedingen\"><span style=\"color: #333399;\">B\u00fcdingen<\/span><\/a>\u00a0\u00a0 <a href=\"http:\/\/appartements-buedingen.de\/bad-kissingen\">Bad Kissingen<\/a>\u00a0\u00a0 <a href=\"http:\/\/appartements-buedingen.de\/preise\"><span style=\"color: #333399;\">Preise<\/span><\/a>\u00a0\u00a0 <a href=\"http:\/\/appartements-buedingen.de\/kontakt\">Kontakt<\/a>\u00a0 <a href=\"http:\/\/appartements-buedingen.de\/hausordnung\"><span style=\"color: #333333;\">Hausordnung<\/span><\/a>\u00a0\u00a0 <a href=\"http:\/\/appartements-buedingen.de\/links\"><span style=\"color: #333399;\">Links<\/span><\/a><\/span><\/p>","protected":false},"excerpt":{"rendered":"<p>B\u00fcdingen: Der Bahnhof liegt auf der Strecke Gie\u00dfen-Gelnhausen (mit Anschluss nach Frankfurt) und ist etwa 1,2 km von der Ferienwohnung Am Schlosspark [&hellip;]<\/p>\n","protected":false},"author":1,"featured_media":0,"parent":0,"menu_order":0,"comment_status":"closed","ping_status":"closed","template":"","meta":{"footnotes":""},"class_list":["post-329","page","type-page","status-publish","hentry"],"aioseo_notices":[],"yoast_head":"<!-- This site is optimized with the Yoast SEO plugin v27.3 - https:\/\/yoast.com\/product\/yoast-seo-wordpress\/ -->\n<title>Anfahrt<\/title>\n<meta name=\"description\" content=\"Anfahrt B\u00fcdingen: Der Bahnhof liegt auf der Strecke Gie\u00dfen-Gelnhausen (mit Anschluss nach Frankfurt) und ist etwa 1,2 km von der Ferienwohnung\" \/>\n<meta name=\"robots\" content=\"index, follow, max-snippet:-1, max-image-preview:large, max-video-preview:-1\" \/>\n<link rel=\"canonical\" href=\"https:\/\/appartements-buedingen.de\/anfahrt\" \/>\n<meta property=\"og:locale\" content=\"en_US\" \/>\n<meta property=\"og:type\" content=\"article\" \/>\n<meta property=\"og:title\" content=\"Anfahrt\" \/>\n<meta property=\"og:description\" content=\"Anfahrt B\u00fcdingen: Der Bahnhof liegt auf der Strecke Gie\u00dfen-Gelnhausen (mit Anschluss nach Frankfurt) und ist etwa 1,2 km von der Ferienwohnung\" \/>\n<meta property=\"og:url\" content=\"https:\/\/appartements-buedingen.de\/anfahrt\" \/>\n<meta property=\"og:site_name\" content=\"Appartements-B\u00fcdingen\" \/>\n<meta property=\"article:modified_time\" content=\"2018-05-31T10:38:29+00:00\" \/>\n<meta name=\"twitter:card\" content=\"summary_large_image\" \/>\n<meta name=\"twitter:label1\" content=\"Est. reading time\" \/>\n\t<meta name=\"twitter:data1\" content=\"2 minutes\" \/>\n<script type=\"application\/ld+json\" class=\"yoast-schema-graph\">{\"@context\":\"https:\\\/\\\/schema.org\",\"@graph\":[{\"@type\":\"WebPage\",\"@id\":\"https:\\\/\\\/appartements-buedingen.de\\\/anfahrt\",\"url\":\"https:\\\/\\\/appartements-buedingen.de\\\/anfahrt\",\"name\":\"Anfahrt\",\"isPartOf\":{\"@id\":\"https:\\\/\\\/appartements-buedingen.de\\\/#website\"},\"datePublished\":\"2017-05-21T18:44:48+00:00\",\"dateModified\":\"2018-05-31T10:38:29+00:00\",\"description\":\"Anfahrt B\u00fcdingen: Der Bahnhof liegt auf der Strecke Gie\u00dfen-Gelnhausen (mit Anschluss nach Frankfurt) und ist etwa 1,2 km von der Ferienwohnung\",\"breadcrumb\":{\"@id\":\"https:\\\/\\\/appartements-buedingen.de\\\/anfahrt#breadcrumb\"},\"inLanguage\":\"en-US\",\"potentialAction\":[{\"@type\":\"ReadAction\",\"target\":[\"https:\\\/\\\/appartements-buedingen.de\\\/anfahrt\"]}]},{\"@type\":\"BreadcrumbList\",\"@id\":\"https:\\\/\\\/appartements-buedingen.de\\\/anfahrt#breadcrumb\",\"itemListElement\":[{\"@type\":\"ListItem\",\"position\":1,\"name\":\"Startseite\",\"item\":\"https:\\\/\\\/appartements-buedingen.de\\\/\"},{\"@type\":\"ListItem\",\"position\":2,\"name\":\"Anfahrt\"}]},{\"@type\":\"WebSite\",\"@id\":\"https:\\\/\\\/appartements-buedingen.de\\\/#website\",\"url\":\"https:\\\/\\\/appartements-buedingen.de\\\/\",\"name\":\"Appartements-B\u00fcdingen\",\"description\":\"\",\"potentialAction\":[{\"@type\":\"SearchAction\",\"target\":{\"@type\":\"EntryPoint\",\"urlTemplate\":\"https:\\\/\\\/appartements-buedingen.de\\\/?s={search_term_string}\"},\"query-input\":{\"@type\":\"PropertyValueSpecification\",\"valueRequired\":true,\"valueName\":\"search_term_string\"}}],\"inLanguage\":\"en-US\"}]}<\/script>\n<!-- \/ Yoast SEO plugin. -->","yoast_head_json":{"title":"Anfahrt","description":"Anfahrt B\u00fcdingen: Der Bahnhof liegt auf der Strecke Gie\u00dfen-Gelnhausen (mit Anschluss nach Frankfurt) und ist etwa 1,2 km von der Ferienwohnung","robots":{"index":"index","follow":"follow","max-snippet":"max-snippet:-1","max-image-preview":"max-image-preview:large","max-video-preview":"max-video-preview:-1"},"canonical":"https:\/\/appartements-buedingen.de\/anfahrt","og_locale":"en_US","og_type":"article","og_title":"Anfahrt","og_description":"Anfahrt B\u00fcdingen: Der Bahnhof liegt auf der Strecke Gie\u00dfen-Gelnhausen (mit Anschluss nach Frankfurt) und ist etwa 1,2 km von der Ferienwohnung","og_url":"https:\/\/appartements-buedingen.de\/anfahrt","og_site_name":"Appartements-B\u00fcdingen","article_modified_time":"2018-05-31T10:38:29+00:00","twitter_card":"summary_large_image","twitter_misc":{"Est. reading time":"2 minutes"},"schema":{"@context":"https:\/\/schema.org","@graph":[{"@type":"WebPage","@id":"https:\/\/appartements-buedingen.de\/anfahrt","url":"https:\/\/appartements-buedingen.de\/anfahrt","name":"Anfahrt","isPartOf":{"@id":"https:\/\/appartements-buedingen.de\/#website"},"datePublished":"2017-05-21T18:44:48+00:00","dateModified":"2018-05-31T10:38:29+00:00","description":"Anfahrt B\u00fcdingen: Der Bahnhof liegt auf der Strecke Gie\u00dfen-Gelnhausen (mit Anschluss nach Frankfurt) und ist etwa 1,2 km von der Ferienwohnung","breadcrumb":{"@id":"https:\/\/appartements-buedingen.de\/anfahrt#breadcrumb"},"inLanguage":"en-US","potentialAction":[{"@type":"ReadAction","target":["https:\/\/appartements-buedingen.de\/anfahrt"]}]},{"@type":"BreadcrumbList","@id":"https:\/\/appartements-buedingen.de\/anfahrt#breadcrumb","itemListElement":[{"@type":"ListItem","position":1,"name":"Startseite","item":"https:\/\/appartements-buedingen.de\/"},{"@type":"ListItem","position":2,"name":"Anfahrt"}]},{"@type":"WebSite","@id":"https:\/\/appartements-buedingen.de\/#website","url":"https:\/\/appartements-buedingen.de\/","name":"Appartements-B\u00fcdingen","description":"","potentialAction":[{"@type":"SearchAction","target":{"@type":"EntryPoint","urlTemplate":"https:\/\/appartements-buedingen.de\/?s={search_term_string}"},"query-input":{"@type":"PropertyValueSpecification","valueRequired":true,"valueName":"search_term_string"}}],"inLanguage":"en-US"}]}},"_links":{"self":[{"href":"https:\/\/appartements-buedingen.de\/en\/wp-json\/wp\/v2\/pages\/329","targetHints":{"allow":["GET"]}}],"collection":[{"href":"https:\/\/appartements-buedingen.de\/en\/wp-json\/wp\/v2\/pages"}],"about":[{"href":"https:\/\/appartements-buedingen.de\/en\/wp-json\/wp\/v2\/types\/page"}],"author":[{"embeddable":true,"href":"https:\/\/appartements-buedingen.de\/en\/wp-json\/wp\/v2\/users\/1"}],"replies":[{"embeddable":true,"href":"https:\/\/appartements-buedingen.de\/en\/wp-json\/wp\/v2\/comments?post=329"}],"version-history":[{"count":7,"href":"https:\/\/appartements-buedingen.de\/en\/wp-json\/wp\/v2\/pages\/329\/revisions"}],"predecessor-version":[{"id":422,"href":"https:\/\/appartements-buedingen.de\/en\/wp-json\/wp\/v2\/pages\/329\/revisions\/422"}],"wp:attachment":[{"href":"https:\/\/appartements-buedingen.de\/en\/wp-json\/wp\/v2\/media?parent=329"}],"curies":[{"name":"wp","href":"https:\/\/api.w.org\/{rel}","templated":true}]}}