{"id":325,"date":"2017-05-21T18:43:45","date_gmt":"2017-05-21T18:43:45","guid":{"rendered":"http:\/\/appartements-buedingen.de\/?page_id=325"},"modified":"2022-01-06T14:29:31","modified_gmt":"2022-01-06T14:29:31","slug":"storno","status":"publish","type":"page","link":"https:\/\/appartements-buedingen.de\/en\/storno","title":{"rendered":"Stornobedingungen"},"content":{"rendered":"<p><\/p>\n<div class=\"entry-content\">\n<p><span style=\"font-family: arial,helvetica,sans-serif;\">Der Gastaufnahmevertrag gilt als abgeschlossen, sobald die Wohnung schriftlich oder m\u00fcndlich durch Sie bestellt und schriftlich oder m\u00fcndlich durch uns zugesagt worden ist.<\/span><\/p>\n<p><span style=\"font-family: arial,helvetica,sans-serif;\">Bei rechtzeitiger Stornierung einer Reservierung (nicht weniger als 6 Wochen vor dem Anreisetermin) wird Ihnen lediglich eine Bearbeitungsgeb\u00fchr von 35 \u20ac berechnet.<\/span><\/p>\n<p><span style=\"font-family: arial,helvetica,sans-serif;\">Bei Stornierung einer Reservierung im Zeitraum von weniger als 6 Wochen vor dem Anreisetermin m\u00fcssen wir Ihnen einen Teil der Kosten f\u00fcr die \u00dcbernachtung (ohne Endreinigung und Bettw\u00e4sche\/Handt\u00fccher) in Rechnung stellen.<\/span><\/p>\n<p><span style=\"font-family: arial,helvetica,sans-serif;\">Stornierungsgeb\u00fchren bei K\u00fcndigung, Nichtanreise und vorzeitiger Abreise:<\/span><\/p>\n<p><span style=\"font-family: arial,helvetica,sans-serif;\">bis 42 Tage vor Mietbeginn:\u00a0\u00a0\u00a0 35 Euro pauschale Bearbeitungsgeb\u00fchr<\/span><\/p>\n<p><span style=\"font-family: arial,helvetica,sans-serif;\">41 bis 35 Tage vor Mietbeginn:\u00a0\u00a0\u00a0 50 % der \u00dcbernachtungskosten<\/span><\/p>\n<p><span style=\"font-family: arial,helvetica,sans-serif;\">34 bis 28 Tage vor Mietbeginn:\u00a0\u00a0 60 % der \u00dcbernachtungskosten<\/span><\/p>\n<p><span style=\"font-family: arial,helvetica,sans-serif;\">27 bis 7 Tage vor Mietbeginn:\u00a0\u00a0\u00a0 80 % der \u00dcbernachtungskosten<\/span><\/p>\n<p><span style=\"font-family: arial,helvetica,sans-serif;\">6 bis 4 Tage vor Mietbeginn:\u00a0\u00a0\u00a0 90 % der \u00dcbernachtungskosten<\/span><\/p>\n<p><span style=\"font-family: arial,helvetica,sans-serif;\">ab 3 Tage vor Mietbeginn:\u00a0 100 % der \u00dcbernachtungskosten<\/span><\/p>\n<p><span style=\"font-family: arial,helvetica,sans-serif;\">Bei allen Stornierungen gilt selbstverst\u00e4ndlich:<\/span><\/p>\n<p><span style=\"font-family: arial,helvetica,sans-serif;\">Soweit es uns m\u00f6glich ist, die von Ihnen stornierte Wohnung an andere G\u00e4ste bzw. Firmen kurzfristig zu vergeben, berechnen wir nur die Bearbeitungsgeb\u00fchr in H\u00f6he von 35 Euro.<\/span><\/p>\n<p><span style=\"font-family: arial,helvetica,sans-serif;\"><a href=\"http:\/\/appartements-buedingen.de\/\"><span style=\"color: #333399;\">Unsere Fewos<\/span><\/a>\u00a0\u00a0 <a href=\"http:\/\/appartements-buedingen.de\/wohnung1\">Wohnen Am Schlosspark OG<\/a>\u00a0\u00a0 <a href=\"http:\/\/appartements-buedingen.de\/wohnen-am-schlosspark-eg\"><span style=\"color: #333399;\">Wohnen Am Schlosspark EG<\/span><\/a>\u00a0\u00a0 <a href=\"http:\/\/appartements-buedingen.de\/ambiente-mediterran\">Ambiente Mediterran<\/a>\u00a0\u00a0 <a href=\"http:\/\/appartements-buedingen.de\/buedingen\"><span style=\"color: #333399;\">B\u00fcdingen<\/span><\/a>\u00a0\u00a0 <a href=\"http:\/\/appartements-buedingen.de\/bad-kissingen\">Bad Kissingen<\/a>\u00a0\u00a0 <a href=\"http:\/\/appartements-buedingen.de\/preise\"><span style=\"color: #333399;\">Preise<\/span><\/a>\u00a0\u00a0 <a href=\"http:\/\/appartements-buedingen.de\/kontakt\">Kontakt<\/a>\u00a0\u00a0 <a href=\"http:\/\/appartements-buedingen.de\/anfahrt\"><span style=\"color: #333399;\">Anfahrt<\/span><\/a>\u00a0\u00a0 <a href=\"http:\/\/appartements-buedingen.de\/hausordnung\"><span style=\"color: #333333;\">Hausordnung<\/span><\/a>\u00a0\u00a0 <a href=\"http:\/\/appartements-buedingen.de\/links\"><span style=\"color: #333399;\">Links<\/span><\/a><\/span><\/p>\n<\/div>\n<p><\/p>","protected":false},"excerpt":{"rendered":"<p>Der Gastaufnahmevertrag gilt als abgeschlossen, sobald die Wohnung schriftlich oder m\u00fcndlich durch Sie bestellt und schriftlich oder m\u00fcndlich durch uns zugesagt worden [&hellip;]<\/p>\n","protected":false},"author":1,"featured_media":0,"parent":0,"menu_order":0,"comment_status":"closed","ping_status":"closed","template":"","meta":{"footnotes":""},"class_list":["post-325","page","type-page","status-publish","hentry"],"aioseo_notices":[],"yoast_head":"<!-- This site is optimized with the Yoast SEO plugin v27.3 - https:\/\/yoast.com\/product\/yoast-seo-wordpress\/ -->\n<title>Stornobedingungen - Appartements-B\u00fcdingen<\/title>\n<meta name=\"robots\" content=\"index, follow, max-snippet:-1, max-image-preview:large, max-video-preview:-1\" \/>\n<link rel=\"canonical\" href=\"https:\/\/appartements-buedingen.de\/storno\" \/>\n<meta property=\"og:locale\" content=\"en_US\" \/>\n<meta property=\"og:type\" content=\"article\" \/>\n<meta property=\"og:title\" content=\"Stornobedingungen - Appartements-B\u00fcdingen\" \/>\n<meta property=\"og:description\" content=\"Der Gastaufnahmevertrag gilt als abgeschlossen, sobald die Wohnung schriftlich oder m\u00fcndlich durch Sie bestellt und schriftlich oder m\u00fcndlich durch uns zugesagt worden [&hellip;]\" \/>\n<meta property=\"og:url\" content=\"https:\/\/appartements-buedingen.de\/storno\" \/>\n<meta property=\"og:site_name\" content=\"Appartements-B\u00fcdingen\" \/>\n<meta property=\"article:modified_time\" content=\"2022-01-06T14:29:31+00:00\" \/>\n<meta name=\"twitter:card\" content=\"summary_large_image\" \/>\n<meta name=\"twitter:label1\" content=\"Est. reading time\" \/>\n\t<meta name=\"twitter:data1\" content=\"2 minutes\" \/>\n<script type=\"application\/ld+json\" class=\"yoast-schema-graph\">{\"@context\":\"https:\\\/\\\/schema.org\",\"@graph\":[{\"@type\":\"WebPage\",\"@id\":\"https:\\\/\\\/appartements-buedingen.de\\\/storno\",\"url\":\"https:\\\/\\\/appartements-buedingen.de\\\/storno\",\"name\":\"Stornobedingungen - Appartements-B\u00fcdingen\",\"isPartOf\":{\"@id\":\"https:\\\/\\\/appartements-buedingen.de\\\/#website\"},\"datePublished\":\"2017-05-21T18:43:45+00:00\",\"dateModified\":\"2022-01-06T14:29:31+00:00\",\"breadcrumb\":{\"@id\":\"https:\\\/\\\/appartements-buedingen.de\\\/storno#breadcrumb\"},\"inLanguage\":\"en-US\",\"potentialAction\":[{\"@type\":\"ReadAction\",\"target\":[\"https:\\\/\\\/appartements-buedingen.de\\\/storno\"]}]},{\"@type\":\"BreadcrumbList\",\"@id\":\"https:\\\/\\\/appartements-buedingen.de\\\/storno#breadcrumb\",\"itemListElement\":[{\"@type\":\"ListItem\",\"position\":1,\"name\":\"Startseite\",\"item\":\"https:\\\/\\\/appartements-buedingen.de\\\/\"},{\"@type\":\"ListItem\",\"position\":2,\"name\":\"Stornobedingungen\"}]},{\"@type\":\"WebSite\",\"@id\":\"https:\\\/\\\/appartements-buedingen.de\\\/#website\",\"url\":\"https:\\\/\\\/appartements-buedingen.de\\\/\",\"name\":\"Appartements-B\u00fcdingen\",\"description\":\"\",\"potentialAction\":[{\"@type\":\"SearchAction\",\"target\":{\"@type\":\"EntryPoint\",\"urlTemplate\":\"https:\\\/\\\/appartements-buedingen.de\\\/?s={search_term_string}\"},\"query-input\":{\"@type\":\"PropertyValueSpecification\",\"valueRequired\":true,\"valueName\":\"search_term_string\"}}],\"inLanguage\":\"en-US\"}]}<\/script>\n<!-- \/ Yoast SEO plugin. -->","yoast_head_json":{"title":"Stornobedingungen - Appartements-B\u00fcdingen","robots":{"index":"index","follow":"follow","max-snippet":"max-snippet:-1","max-image-preview":"max-image-preview:large","max-video-preview":"max-video-preview:-1"},"canonical":"https:\/\/appartements-buedingen.de\/storno","og_locale":"en_US","og_type":"article","og_title":"Stornobedingungen - Appartements-B\u00fcdingen","og_description":"Der Gastaufnahmevertrag gilt als abgeschlossen, sobald die Wohnung schriftlich oder m\u00fcndlich durch Sie bestellt und schriftlich oder m\u00fcndlich durch uns zugesagt worden [&hellip;]","og_url":"https:\/\/appartements-buedingen.de\/storno","og_site_name":"Appartements-B\u00fcdingen","article_modified_time":"2022-01-06T14:29:31+00:00","twitter_card":"summary_large_image","twitter_misc":{"Est. reading time":"2 minutes"},"schema":{"@context":"https:\/\/schema.org","@graph":[{"@type":"WebPage","@id":"https:\/\/appartements-buedingen.de\/storno","url":"https:\/\/appartements-buedingen.de\/storno","name":"Stornobedingungen - Appartements-B\u00fcdingen","isPartOf":{"@id":"https:\/\/appartements-buedingen.de\/#website"},"datePublished":"2017-05-21T18:43:45+00:00","dateModified":"2022-01-06T14:29:31+00:00","breadcrumb":{"@id":"https:\/\/appartements-buedingen.de\/storno#breadcrumb"},"inLanguage":"en-US","potentialAction":[{"@type":"ReadAction","target":["https:\/\/appartements-buedingen.de\/storno"]}]},{"@type":"BreadcrumbList","@id":"https:\/\/appartements-buedingen.de\/storno#breadcrumb","itemListElement":[{"@type":"ListItem","position":1,"name":"Startseite","item":"https:\/\/appartements-buedingen.de\/"},{"@type":"ListItem","position":2,"name":"Stornobedingungen"}]},{"@type":"WebSite","@id":"https:\/\/appartements-buedingen.de\/#website","url":"https:\/\/appartements-buedingen.de\/","name":"Appartements-B\u00fcdingen","description":"","potentialAction":[{"@type":"SearchAction","target":{"@type":"EntryPoint","urlTemplate":"https:\/\/appartements-buedingen.de\/?s={search_term_string}"},"query-input":{"@type":"PropertyValueSpecification","valueRequired":true,"valueName":"search_term_string"}}],"inLanguage":"en-US"}]}},"_links":{"self":[{"href":"https:\/\/appartements-buedingen.de\/en\/wp-json\/wp\/v2\/pages\/325","targetHints":{"allow":["GET"]}}],"collection":[{"href":"https:\/\/appartements-buedingen.de\/en\/wp-json\/wp\/v2\/pages"}],"about":[{"href":"https:\/\/appartements-buedingen.de\/en\/wp-json\/wp\/v2\/types\/page"}],"author":[{"embeddable":true,"href":"https:\/\/appartements-buedingen.de\/en\/wp-json\/wp\/v2\/users\/1"}],"replies":[{"embeddable":true,"href":"https:\/\/appartements-buedingen.de\/en\/wp-json\/wp\/v2\/comments?post=325"}],"version-history":[{"count":8,"href":"https:\/\/appartements-buedingen.de\/en\/wp-json\/wp\/v2\/pages\/325\/revisions"}],"predecessor-version":[{"id":464,"href":"https:\/\/appartements-buedingen.de\/en\/wp-json\/wp\/v2\/pages\/325\/revisions\/464"}],"wp:attachment":[{"href":"https:\/\/appartements-buedingen.de\/en\/wp-json\/wp\/v2\/media?parent=325"}],"curies":[{"name":"wp","href":"https:\/\/api.w.org\/{rel}","templated":true}]}}