{"id":29,"date":"2017-05-08T11:39:48","date_gmt":"2017-05-08T11:39:48","guid":{"rendered":"http:\/\/appartements-buedingen.de\/?page_id=29"},"modified":"2018-05-31T10:40:45","modified_gmt":"2018-05-31T10:40:45","slug":"links","status":"publish","type":"page","link":"https:\/\/appartements-buedingen.de\/en\/links","title":{"rendered":"Links"},"content":{"rendered":"<p><span style=\"font-family: arial,helvetica,sans-serif;\"><a href=\"http:\/\/www.ysenburg.de\/\" target=\"_blank\" rel=\"noopener noreferrer\">B\u00fcdinger Schloss\u00a0<\/a><\/span><br \/>\n<span style=\"font-family: arial,helvetica,sans-serif;\"> <a href=\"https:\/\/www.wildpark-buedingen.de\/\" target=\"_blank\" rel=\"noopener noreferrer\">B\u00fcdinger Wildpark\u00a0\u00a0 <\/a><\/span><br \/>\n<span style=\"font-family: arial,helvetica,sans-serif;\"> <a href=\"http:\/\/www.burg-ronneburg.de\/\" target=\"_blank\" rel=\"noopener noreferrer\">Burg Ronneburg\u00a0<\/a><\/span><br \/>\n<span style=\"font-family: arial,helvetica,sans-serif;\"> <a href=\"http:\/\/www.campingpark-gedern.de\/\" target=\"_blank\" rel=\"noopener noreferrer\">Gederner See<\/a><\/span><br \/>\n<span style=\"font-family: arial,helvetica,sans-serif;\"> <a href=\"http:\/\/www.herrnhaag.de\/\" target=\"_blank\" rel=\"noopener noreferrer\">Herrnhaag\u00a0<\/a><\/span><br \/>\n<span style=\"font-family: arial,helvetica,sans-serif;\"> <a href=\"http:\/\/www.keltenwelt-glauberg.de\/\" target=\"_blank\" rel=\"noopener noreferrer\">Keltenwelt Glauberg\u00a0<\/a><\/span><br \/>\n<span style=\"font-family: arial,helvetica,sans-serif;\"> <a href=\"http:\/\/www.abtei-kloster-engelthal.de\/\" target=\"_blank\" rel=\"noopener noreferrer\">Kloster Engelthal\u00a0<\/a><\/span><br \/>\n<span style=\"font-family: arial,helvetica,sans-serif;\"> <a href=\"http:\/\/www.lissberg.de\/\" target=\"_blank\" rel=\"noopener noreferrer\">Li\u00dfberg<\/a><\/span><br \/>\n<span style=\"font-family: arial,helvetica,sans-serif;\"> <a href=\"http:\/\/www.mittelalterfest-buedingen.de\/\" target=\"_blank\" rel=\"noopener noreferrer\">Mittelalterliches B\u00fcdingen\u00a0<\/a><\/span><br \/>\n<span style=\"font-family: arial,helvetica,sans-serif;\"> <a href=\"http:\/\/www.stadt-buedingen.de\/freibad-buedingen\/ueber-das-freibad\" target=\"_blank\" rel=\"noopener noreferrer\">Schwimmbad\u00a0\u00a0\u00a0<\/a><\/span><br \/>\n<span style=\"font-family: arial,helvetica,sans-serif;\"> <a href=\"http:\/\/vogelpark-schotten.de\/\" target=\"_blank\" rel=\"noopener noreferrer\">Vogelpark Schotten\u00a0\u00a0<\/a><\/span><br \/>\n<span style=\"font-family: arial,helvetica,sans-serif;\"> <a href=\"http:\/\/www.vulkanradweg.de\/\" target=\"_blank\" rel=\"noopener noreferrer\">Vulkanradweg<\/a><\/span><\/p>\n<p><span style=\"font-family: arial,helvetica,sans-serif;\"><a href=\"http:\/\/appartements-buedingen.de\/\"><span style=\"color: #333399;\">Unsere Fewos<\/span><\/a>\u00a0\u00a0 <a href=\"http:\/\/appartements-buedingen.de\/wohnung1\">Wohnen Am Schlosspark OG<\/a>\u00a0\u00a0 <a href=\"http:\/\/appartements-buedingen.de\/wohnen-am-schlosspark-eg\"><span style=\"color: #333399;\">Wohnen Am Schlosspark EG<\/span><\/a>\u00a0\u00a0 <a href=\"http:\/\/appartements-buedingen.de\/ambiente-mediterran\">Ambiente Mediterran<\/a>\u00a0\u00a0 <a href=\"http:\/\/appartements-buedingen.de\/buedingen\"><span style=\"color: #333399;\">B\u00fcdingen<\/span><\/a>\u00a0\u00a0 <a href=\"http:\/\/appartements-buedingen.de\/bad-kissingen\">Bad Kissingen<\/a>\u00a0\u00a0 <a href=\"http:\/\/appartements-buedingen.de\/preise\"><span style=\"color: #333399;\">Preise<\/span><\/a>\u00a0\u00a0 <a href=\"http:\/\/appartements-buedingen.de\/kontakt\">Kontakt<\/a>\u00a0\u00a0 <a href=\"http:\/\/appartements-buedingen.de\/anfahrt\"><span style=\"color: #333399;\">Anfahrt<\/span><\/a>\u00a0\u00a0 <a href=\"http:\/\/appartements-buedingen.de\/hausordnung\"><span style=\"color: #333333;\">Hausordnung<\/span><\/a>\u00a0\u00a0 <a href=\"http:\/\/appartements-buedingen.de\/links\"><span style=\"color: #333399;\">Links<\/span><\/a><\/span><\/p>\n<p>&nbsp;<\/p>\n<p>&nbsp;<\/p>\n<p>&nbsp;<\/p>\n<p>&nbsp;<\/p>\n<p>&nbsp;<\/p>\n<p>&nbsp;<\/p>\n<p>&nbsp;<\/p>\n<p>&nbsp;<\/p>\n<p>&nbsp;<\/p>\n<p>&nbsp;<\/p>\n<p>&nbsp;<\/p>\n<p>&nbsp;<\/p>\n<p>&nbsp;<\/p>\n<p>&nbsp;<\/p>\n<p>&nbsp;<\/p>\n<p>&nbsp;<\/p>\n<p>&nbsp;<\/p>\n<p>&nbsp;<\/p>\n<p><span style=\"font-size: 8pt;\">Wichtige Backlinks f\u00fcr diverse Portale:<\/span><\/p>\n<p><span style=\"font-size: 8pt;\"><a href=\"https:\/\/www.ferienhausmiete.de\/\" target=\"_blank\" rel=\"noopener noreferrer\">Ferienhausmiete<\/a><\/span><\/p>\n<p><span style=\"font-size: 8pt;\"><a href=\"http:\/\/www.branchen-info.net\/\" target=\"_blank\" rel=\"noopener noreferrer\">Banchen Info<\/a><\/span><\/p>\n<p><span style=\"font-size: 8pt;\"><a href=\"https:\/\/www.ferienhausmarkt.com\/\" target=\"_blank\" rel=\"noopener noreferrer\">Ferienhausmarkt<\/a><\/span><\/p>\n<p><span style=\"font-size: 8pt;\"><a href=\"http:\/\/www.live-like-a-german.de\/\" target=\"_blank\" rel=\"noopener noreferrer\">Live like a german<\/a><\/span><\/p>\n<p><span style=\"font-size: 8pt;\"><a href=\"http:\/\/www.wohlfuehlportal.de\/\" target=\"_blank\" rel=\"noopener noreferrer\">Wohlf\u00fchlportal<\/a><\/span><\/p>\n<p><span style=\"font-size: 8pt;\"><a href=\"https:\/\/www.pensionen-weltweit.de\/\" target=\"_blank\" rel=\"noopener noreferrer\">Pensionen weltweit<\/a><\/span><\/p>\n<p><span style=\"font-size: 8pt;\"><a href=\"http:\/\/Ferienhaus ferienwohnland.de\" target=\"_blank\" rel=\"noopener noreferrer\">Ferienhaus Ferienwohnland<\/a><\/span><\/p>\n<p><span style=\"font-size: 8pt;\"><a href=\"http:\/\/www.ferienhaus-privat.de\/\" target=\"_blank\" rel=\"noopener noreferrer\">Ferienhaus Privat<\/a><\/span><\/p>\n<p><span style=\"font-size: 8pt;\"><a href=\"https:\/\/www.ferienhausnetz.eu\/de\/index.html\" target=\"_blank\" rel=\"noopener noreferrer\">Ferienhausnetz<\/a><\/span><\/p>\n<p><span style=\"font-size: 8pt;\"><a href=\"http:\/\/www.fewowahl.de\/\" target=\"_blank\" rel=\"noopener noreferrer\">FEWO Wahl<\/a><\/span><\/p>\n<p><span style=\"font-size: 8pt;\"><a href=\"https:\/\/www.iha.com.de\/\" target=\"_blank\" rel=\"noopener noreferrer\">IHA<\/a><\/span><\/p>\n<p><span style=\"font-size: 8pt;\"><a href=\"http:\/\/www.mein-ferienhaus-in.de\/\" target=\"_blank\" rel=\"noopener noreferrer\">Mein Ferienhaus in&#8230;<\/a><\/span><\/p>\n<p><span style=\"font-size: 8pt;\"><a href=\"http:\/\/www.ferienwohnungen-ferienhaeuser-weltweit.de\/http:\/\/www.ferienwohnungen-ferienhaeuser-weltweit.de\/\" target=\"_blank\" rel=\"noopener noreferrer\">Ferienwohnung, Ferienh\u00e4user weltweit<\/a><\/span><\/p>\n<p><span style=\"font-size: 8pt;\"><a href=\"http:\/\/www.holiday-home.de\/\" target=\"_blank\" rel=\"noopener noreferrer\">Holiday home<\/a><\/span><\/p>\n<p><span style=\"font-size: 8pt;\"><a href=\"http:\/\/www.fewo-experte.com\/\" target=\"_blank\" rel=\"noopener noreferrer\">FEWO experte<\/a><\/span><\/p>\n<p><span style=\"font-size: 8pt;\"><a href=\"http:\/\/www.ferien-miete.de\/\" target=\"_blank\" rel=\"noopener noreferrer\">Ferien Miete<\/a><\/span><\/p>\n<p><span style=\"font-size: 8pt;\"><a href=\"https:\/\/www.ferienhausmarkt.com\/\" target=\"_blank\" rel=\"noopener noreferrer\">Ferienhausmarkt<\/a><\/span><\/p>","protected":false},"excerpt":{"rendered":"<p>B\u00fcdinger Schloss\u00a0 B\u00fcdinger Wildpark\u00a0\u00a0 Burg Ronneburg\u00a0 Gederner See Herrnhaag\u00a0 Keltenwelt Glauberg\u00a0 Kloster Engelthal\u00a0 Li\u00dfberg Mittelalterliches B\u00fcdingen\u00a0 Schwimmbad\u00a0\u00a0\u00a0 Vogelpark Schotten\u00a0\u00a0 Vulkanradweg Unsere Fewos\u00a0\u00a0 [&hellip;]<\/p>\n","protected":false},"author":1,"featured_media":0,"parent":0,"menu_order":0,"comment_status":"closed","ping_status":"closed","template":"","meta":{"footnotes":""},"class_list":["post-29","page","type-page","status-publish","hentry"],"aioseo_notices":[],"yoast_head":"<!-- This site is optimized with the Yoast SEO plugin v27.4 - https:\/\/yoast.com\/product\/yoast-seo-wordpress\/ -->\n<title>Links<\/title>\n<meta name=\"description\" content=\"Links Appartements B\u00fcdingen Am Hain 10, 63654 B\u00fcdingen Ferienwohnungen Schloss B\u00fcdingen Wohnen Am Schlosspark Ambiente Mediterran\" \/>\n<meta name=\"robots\" content=\"index, follow, max-snippet:-1, max-image-preview:large, max-video-preview:-1\" \/>\n<link rel=\"canonical\" href=\"https:\/\/appartements-buedingen.de\/en\/links\" \/>\n<meta property=\"og:locale\" content=\"en_US\" \/>\n<meta property=\"og:type\" content=\"article\" \/>\n<meta property=\"og:title\" content=\"Links\" \/>\n<meta property=\"og:description\" content=\"Links Appartements B\u00fcdingen Am Hain 10, 63654 B\u00fcdingen Ferienwohnungen Schloss B\u00fcdingen Wohnen Am Schlosspark Ambiente Mediterran\" \/>\n<meta property=\"og:url\" content=\"https:\/\/appartements-buedingen.de\/en\/links\" \/>\n<meta property=\"og:site_name\" content=\"Appartements-B\u00fcdingen\" \/>\n<meta property=\"article:modified_time\" content=\"2018-05-31T10:40:45+00:00\" \/>\n<meta name=\"twitter:card\" content=\"summary_large_image\" \/>\n<meta name=\"twitter:label1\" content=\"Est. reading time\" \/>\n\t<meta name=\"twitter:data1\" content=\"1 minute\" \/>\n<script type=\"application\/ld+json\" class=\"yoast-schema-graph\">{\"@context\":\"https:\\\/\\\/schema.org\",\"@graph\":[{\"@type\":\"WebPage\",\"@id\":\"https:\\\/\\\/appartements-buedingen.de\\\/en\\\/links\",\"url\":\"https:\\\/\\\/appartements-buedingen.de\\\/en\\\/links\",\"name\":\"Links\",\"isPartOf\":{\"@id\":\"https:\\\/\\\/appartements-buedingen.de\\\/#website\"},\"datePublished\":\"2017-05-08T11:39:48+00:00\",\"dateModified\":\"2018-05-31T10:40:45+00:00\",\"description\":\"Links Appartements B\u00fcdingen Am Hain 10, 63654 B\u00fcdingen Ferienwohnungen Schloss B\u00fcdingen Wohnen Am Schlosspark Ambiente Mediterran\",\"breadcrumb\":{\"@id\":\"https:\\\/\\\/appartements-buedingen.de\\\/en\\\/links#breadcrumb\"},\"inLanguage\":\"en-US\",\"potentialAction\":[{\"@type\":\"ReadAction\",\"target\":[\"https:\\\/\\\/appartements-buedingen.de\\\/en\\\/links\"]}]},{\"@type\":\"BreadcrumbList\",\"@id\":\"https:\\\/\\\/appartements-buedingen.de\\\/en\\\/links#breadcrumb\",\"itemListElement\":[{\"@type\":\"ListItem\",\"position\":1,\"name\":\"Startseite\",\"item\":\"https:\\\/\\\/appartements-buedingen.de\\\/\"},{\"@type\":\"ListItem\",\"position\":2,\"name\":\"Links\"}]},{\"@type\":\"WebSite\",\"@id\":\"https:\\\/\\\/appartements-buedingen.de\\\/#website\",\"url\":\"https:\\\/\\\/appartements-buedingen.de\\\/\",\"name\":\"Appartements-B\u00fcdingen\",\"description\":\"\",\"potentialAction\":[{\"@type\":\"SearchAction\",\"target\":{\"@type\":\"EntryPoint\",\"urlTemplate\":\"https:\\\/\\\/appartements-buedingen.de\\\/?s={search_term_string}\"},\"query-input\":{\"@type\":\"PropertyValueSpecification\",\"valueRequired\":true,\"valueName\":\"search_term_string\"}}],\"inLanguage\":\"en-US\"}]}<\/script>\n<!-- \/ Yoast SEO plugin. -->","yoast_head_json":{"title":"Links","description":"Links Appartements B\u00fcdingen Am Hain 10, 63654 B\u00fcdingen Ferienwohnungen Schloss B\u00fcdingen Wohnen Am Schlosspark Ambiente Mediterran","robots":{"index":"index","follow":"follow","max-snippet":"max-snippet:-1","max-image-preview":"max-image-preview:large","max-video-preview":"max-video-preview:-1"},"canonical":"https:\/\/appartements-buedingen.de\/en\/links","og_locale":"en_US","og_type":"article","og_title":"Links","og_description":"Links Appartements B\u00fcdingen Am Hain 10, 63654 B\u00fcdingen Ferienwohnungen Schloss B\u00fcdingen Wohnen Am Schlosspark Ambiente Mediterran","og_url":"https:\/\/appartements-buedingen.de\/en\/links","og_site_name":"Appartements-B\u00fcdingen","article_modified_time":"2018-05-31T10:40:45+00:00","twitter_card":"summary_large_image","twitter_misc":{"Est. reading time":"1 minute"},"schema":{"@context":"https:\/\/schema.org","@graph":[{"@type":"WebPage","@id":"https:\/\/appartements-buedingen.de\/en\/links","url":"https:\/\/appartements-buedingen.de\/en\/links","name":"Links","isPartOf":{"@id":"https:\/\/appartements-buedingen.de\/#website"},"datePublished":"2017-05-08T11:39:48+00:00","dateModified":"2018-05-31T10:40:45+00:00","description":"Links Appartements B\u00fcdingen Am Hain 10, 63654 B\u00fcdingen Ferienwohnungen Schloss B\u00fcdingen Wohnen Am Schlosspark Ambiente Mediterran","breadcrumb":{"@id":"https:\/\/appartements-buedingen.de\/en\/links#breadcrumb"},"inLanguage":"en-US","potentialAction":[{"@type":"ReadAction","target":["https:\/\/appartements-buedingen.de\/en\/links"]}]},{"@type":"BreadcrumbList","@id":"https:\/\/appartements-buedingen.de\/en\/links#breadcrumb","itemListElement":[{"@type":"ListItem","position":1,"name":"Startseite","item":"https:\/\/appartements-buedingen.de\/"},{"@type":"ListItem","position":2,"name":"Links"}]},{"@type":"WebSite","@id":"https:\/\/appartements-buedingen.de\/#website","url":"https:\/\/appartements-buedingen.de\/","name":"Appartements-B\u00fcdingen","description":"","potentialAction":[{"@type":"SearchAction","target":{"@type":"EntryPoint","urlTemplate":"https:\/\/appartements-buedingen.de\/?s={search_term_string}"},"query-input":{"@type":"PropertyValueSpecification","valueRequired":true,"valueName":"search_term_string"}}],"inLanguage":"en-US"}]}},"_links":{"self":[{"href":"https:\/\/appartements-buedingen.de\/en\/wp-json\/wp\/v2\/pages\/29","targetHints":{"allow":["GET"]}}],"collection":[{"href":"https:\/\/appartements-buedingen.de\/en\/wp-json\/wp\/v2\/pages"}],"about":[{"href":"https:\/\/appartements-buedingen.de\/en\/wp-json\/wp\/v2\/types\/page"}],"author":[{"embeddable":true,"href":"https:\/\/appartements-buedingen.de\/en\/wp-json\/wp\/v2\/users\/1"}],"replies":[{"embeddable":true,"href":"https:\/\/appartements-buedingen.de\/en\/wp-json\/wp\/v2\/comments?post=29"}],"version-history":[{"count":11,"href":"https:\/\/appartements-buedingen.de\/en\/wp-json\/wp\/v2\/pages\/29\/revisions"}],"predecessor-version":[{"id":427,"href":"https:\/\/appartements-buedingen.de\/en\/wp-json\/wp\/v2\/pages\/29\/revisions\/427"}],"wp:attachment":[{"href":"https:\/\/appartements-buedingen.de\/en\/wp-json\/wp\/v2\/media?parent=29"}],"curies":[{"name":"wp","href":"https:\/\/api.w.org\/{rel}","templated":true}]}}