{"id":25,"date":"2017-05-08T11:38:53","date_gmt":"2017-05-08T11:38:53","guid":{"rendered":"http:\/\/appartements-buedingen.de\/?page_id=25"},"modified":"2018-05-30T20:13:01","modified_gmt":"2018-05-30T20:13:01","slug":"impressum","status":"publish","type":"page","link":"https:\/\/appartements-buedingen.de\/en\/impressum","title":{"rendered":"Impressum"},"content":{"rendered":"<p><span style=\"font-family: arial,helvetica,sans-serif;\">Familie Neuhaus<\/span><br \/>\n<span style=\"font-family: arial,helvetica,sans-serif;\">Am Hain 10<\/span><br \/>\n<span style=\"font-family: arial,helvetica,sans-serif;\">D-63654 B\u00fcdingen<\/span><\/p>\n<p>wohnenamschlosspark(\u00e4t)web.de<br \/>\n<span style=\"font-family: arial,helvetica,sans-serif;\">Fon: +49 (0)1738005856<\/span><\/p>\n<p><span style=\"font-family: arial,helvetica,sans-serif;\">Herausgeber (V.i.S.d.P.) &amp; Redaktion: Rika Neuhaus<br \/>\n<\/span><\/p>\n<p><span style=\"font-family: arial,helvetica,sans-serif;\">Datenschutz<\/span><br \/>\n<span style=\"font-family: arial,helvetica,sans-serif;\">Alle personenbezogenen Daten werden vertraulich behandelt. Sie werden nur zur Auftragsabwicklung gespeichert und zu diesem Zweck gegebenenfalls an dritte weitergegeben.<\/span><\/p>\n<p><span style=\"font-family: arial,helvetica,sans-serif;\">Quelle: eRecht24, Rechtsanwalt f\u00fcr Internetrecht S\u00f6ren Siebert<\/span><br \/>\n<span style=\"font-family: arial,helvetica,sans-serif;\">Haftungsausschluss:<\/span><\/p>\n<p><span style=\"font-family: arial,helvetica,sans-serif;\">Haftung f\u00fcr Inhalte<\/span><br \/>\n<span style=\"font-family: arial,helvetica,sans-serif;\">Die Inhalte unserer Seiten wurden mit gr\u00f6\u00dfter Sorgfalt erstellt. F\u00fcr die Richtigkeit, Vollst\u00e4ndigkeit und Aktualit\u00e4t der Inhalte k\u00f6nnen wir jedoch keine Gew\u00e4hr \u00fcbernehmen. Als Diensteanbieter sind wir gem\u00e4\u00df \u00a7 7 Abs.1 TMG f\u00fcr eigene Inhalte auf diesen Seiten nach den allgemeinen Gesetzen verantwortlich. Nach \u00a7\u00a7 8 bis 10 TMG sind wir als Diensteanbieter jedoch nicht verpflichtet, \u00fcbermittelte oder gespeicherte fremde Informationen zu \u00fcberwachen oder nach Umst\u00e4nden zu forschen, die auf eine rechtswidrige T\u00e4tigkeit hinweisen. Verpflichtungen zur Entfernung oder Sperrung der Nutzung von Informationen nach den allgemeinen Gesetzen bleiben hiervon unber\u00fchrt. Eine diesbez\u00fcgliche Haftung ist jedoch erst ab dem Zeitpunkt der Kenntnis einer konkreten Rechtsverletzung m\u00f6glich. Bei Bekanntwerden von entsprechenden Rechtsverletzungen werden wir diese Inhalte umgehend entfernen.<\/span><\/p>\n<p><span style=\"font-family: arial,helvetica,sans-serif;\">Haftung f\u00fcr Links<\/span><br \/>\n<span style=\"font-family: arial,helvetica,sans-serif;\">Unser Angebot enth\u00e4lt Links zu externen Webseiten Dritter, auf deren Inhalte wir keinen Einfluss haben. Deshalb k\u00f6nnen wir f\u00fcr diese fremden Inhalte auch keine Gew\u00e4hr \u00fcbernehmen. F\u00fcr die Inhalte der verlinkten Seiten ist stets der jeweilige Anbieter oder Betreiber der Seiten verantwortlich. Die verlinkten Seiten wurden zum Zeitpunkt der Verlinkung auf m\u00f6gliche Rechtsverst\u00f6\u00dfe \u00fcberpr\u00fcft. Rechtswidrige Inhalte waren zum Zeitpunkt der Verlinkung nicht erkennbar. Eine permanente inhaltliche Kontrolle der verlinkten Seiten ist jedoch ohne konkrete Anhaltspunkte einer Rechtsverletzung nicht zumutbar. Bei Bekanntwerden von Rechtsverletzungen werden wir derartige Links umgehend entfernen.<\/span><\/p>\n<p><span style=\"font-family: arial,helvetica,sans-serif;\">Urheberrecht<\/span><br \/>\n<span style=\"font-family: arial,helvetica,sans-serif;\">Die durch die Seitenbetreiber erstellten Inhalte und Werke auf diesen Seiten unterliegen dem deutschen Urheberrecht. Die Vervielf\u00e4ltigung, Bearbeitung, Verbreitung und jede Art der Verwertung au\u00dferhalb der Grenzen des Urheberrechtes bed\u00fcrfen der schriftlichen Zustimmung des jeweiligen Autors bzw. Erstellers. Downloads und Kopien dieser Seite sind nur f\u00fcr den privaten, nicht kommerziellen Gebrauch gestattet. Soweit die Inhalte auf dieser Seite nicht vom Betreiber erstellt wurden, werden die Urheberrechte Dritter beachtet. Insbesondere werden Inhalte Dritter als solche gekennzeichnet. Sollten Sie trotzdem auf eine Urheberrechtsverletzung aufmerksam werden, bitten wir um einen entsprechenden Hinweis. Bei Bekanntwerden von Rechtsverletzungen werden wir derartige Inhalte umgehend entfernen.<\/span><\/p>\n<p><span style=\"font-family: arial,helvetica,sans-serif;\">Quellen: Disclaimer eRecht24<\/span><br \/>\n<span style=\"font-family: arial,helvetica,sans-serif;\">Datenschutzerkl\u00e4rung:<\/span><\/p>\n<p><span style=\"font-family: arial,helvetica,sans-serif;\">Datenschutz<\/span><br \/>\n<span style=\"font-family: arial,helvetica,sans-serif;\">Die Nutzung unserer Webseite ist in der Regel ohne Angabe personenbezogener Daten m\u00f6glich. Soweit auf unseren Seiten personenbezogene Daten (beispielsweise Name, Anschrift oder eMail-Adressen) erhoben werden, erfolgt dies, soweit m\u00f6glich, stets auf freiwilliger Basis. Diese Daten werden ohne Ihre ausdr\u00fcckliche Zustimmung nicht an Dritte weitergegeben.<\/span><\/p>\n<p><span style=\"font-family: arial,helvetica,sans-serif;\">Wir weisen darauf hin, dass die Daten\u00fcbertragung im Internet (z.B. bei der Kommunikation per E-Mail) Sicherheitsl\u00fccken aufweisen kann. Ein l\u00fcckenloser Schutz der Daten vor dem Zugriff durch Dritte ist nicht m\u00f6glich.<\/span><\/p>\n<p><span style=\"font-family: arial,helvetica,sans-serif;\">Der Nutzung von im Rahmen der Impressumspflicht ver\u00f6ffentlichten Kontaktdaten durch Dritte zur \u00dcbersendung von nicht ausdr\u00fccklich angeforderter Werbung und Informationsmaterialien wird hiermit ausdr\u00fccklich widersprochen. Die Betreiber der Seiten behalten sich ausdr\u00fccklich rechtliche Schritte im Falle der unverlangten Zusendung von Werbeinformationen, etwa durch Spam-Mails, vor.<\/span><\/p>\n<p><span style=\"font-family: arial,helvetica,sans-serif;\">Datenschutzerkl\u00e4rung f\u00fcr die Nutzung von Facebook-Plugins (Like-Button)<\/span><br \/>\n<span style=\"font-family: arial,helvetica,sans-serif;\">Auf unseren Seiten sind Plugins des sozialen Netzwerks Facebook, 1601 South California Avenue, Palo Alto, CA 94304, USA integriert. Die Facebook-Plugins erkennen Sie an dem Facebook-Logo oder dem \u201cLike-Button\u201d (\u201cGef\u00e4llt mir\u201d) auf unserer Seite. Eine \u00dcbersicht \u00fcber die Facebook-Plugins finden Sie hier: http:\/\/developers.facebook.com\/docs\/plugins\/.<\/span><br \/>\n<span style=\"font-family: arial,helvetica,sans-serif;\">Wenn Sie unsere Seiten besuchen, wird \u00fcber das Plugin eine direkte Verbindung zwischen Ihrem Browser und dem Facebook-Server hergestellt. Facebook erh\u00e4lt dadurch die Information, dass Sie mit Ihrer IP-Adresse unsere Seite besucht haben. Wenn Sie den Facebook \u201cLike-Button\u201d anklicken w\u00e4hrend Sie in Ihrem Facebook-Account eingeloggt sind, k\u00f6nnen Sie die Inhalte unserer Seiten auf Ihrem Facebook-Profil verlinken. Dadurch kann Facebook den Besuch unserer Seiten Ihrem Benutzerkonto zuordnen. Wir weisen darauf hin, dass wir als Anbieter der Seiten keine Kenntnis vom Inhalt der \u00fcbermittelten Daten sowie deren Nutzung durch Facebook erhalten. Weitere Informationen hierzu finden Sie in der Datenschutzerkl\u00e4rung von facebook unter http:\/\/de-de.facebook.com\/policy.php<\/span><\/p>\n<p><span style=\"font-family: arial,helvetica,sans-serif;\">Wenn Sie nicht w\u00fcnschen, dass Facebook den Besuch unserer Seiten Ihrem Facebook-Nutzerkonto zuordnen kann, loggen Sie sich bitte aus Ihrem Facebook-Benutzerkonto aus.<\/span><\/p>\n<p><span style=\"font-family: arial,helvetica,sans-serif;\">Datenschutzerkl\u00e4rung f\u00fcr die Nutzung von Google Analytics<\/span><br \/>\n<span style=\"font-family: arial,helvetica,sans-serif;\">Diese Website benutzt Google Analytics, einen Webanalysedienst der Google Inc. (\u201cGoogle\u201d). Google Analytics verwendet sog. \u201cCookies\u201d, Textdateien, die auf Ihrem Computer gespeichert werden und die eine Analyse der Benutzung der Website durch Sie erm\u00f6glichen. Die durch den Cookie erzeugten Informationen \u00fcber Ihre Benutzung dieser Website werden in der Regel an einen Server von Google in den USA \u00fcbertragen und dort gespeichert. Im Falle der Aktivierung der IP-Anonymisierung auf dieser Webseite wird Ihre IP-Adresse von Google jedoch innerhalb von Mitgliedstaaten der Europ\u00e4ischen Union oder in anderen Vertragsstaaten des Abkommens \u00fcber den Europ\u00e4ischen Wirtschaftsraum zuvor gek\u00fcrzt.<\/span><\/p>\n<p><span style=\"font-family: arial,helvetica,sans-serif;\">Nur in Ausnahmef\u00e4llen wird die volle IP-Adresse an einen Server von Google in den USA \u00fcbertragen und dort gek\u00fcrzt. Im Auftrag des Betreibers dieser Website wird Google diese Informationen benutzen, um Ihre Nutzung der Website auszuwerten, um Reports \u00fcber die Websiteaktivit\u00e4ten zusammenzustellen und um weitere mit der Websitenutzung und der Internetnutzung verbundene Dienstleistungen gegen\u00fcber dem Websitebetreiber zu erbringen. Die im Rahmen von Google Analytics von Ihrem Browser \u00fcbermittelte IP-Adresse wird nicht mit anderen Daten von Google zusammengef\u00fchrt.<\/span><\/p>\n<p><span style=\"font-family: arial,helvetica,sans-serif;\">Sie k\u00f6nnen die Speicherung der Cookies durch eine entsprechende Einstellung Ihrer Browser-Software verhindern; wir weisen Sie jedoch darauf hin, dass Sie in diesem Fall gegebenenfalls nicht s\u00e4mtliche Funktionen dieser Website vollumf\u00e4nglich werden nutzen k\u00f6nnen. Sie k\u00f6nnen dar\u00fcber hinaus die Erfassung der durch das Cookie erzeugten und auf Ihre Nutzung der Website bezogenen Daten (inkl. Ihrer IP-Adresse) an Google sowie die Verarbeitung dieser Daten durch Google verhindern, indem sie das unter dem folgenden Link verf\u00fcgbare Browser-Plugin herunterladen und installieren: http:\/\/tools.google.com\/dlpage\/gaoptout?hl=de.<\/span><\/p>\n<p><span style=\"font-family: arial,helvetica,sans-serif;\">Quellenangaben: Datenschutzerkl\u00e4rung eRecht24, Facebook Datenschutzerkl\u00e4rung, Google Analytics Bedingungen<\/span><\/p>\n<p><span style=\"font-family: arial,helvetica,sans-serif;\">Herausgeber (V.i.S.d.P.) &amp; Redaktion: Rika Neuhaus<br \/>\n<\/span><\/p>\n<p><span style=\"font-family: arial,helvetica,sans-serif;\"><a href=\"http:\/\/appartements-buedingen.de\/\"><span style=\"color: #333399;\">Unsere Fewos<\/span><\/a>\u00a0\u00a0 <a href=\"http:\/\/appartements-buedingen.de\/wohnung1\">Wohnen Am Schlosspark OG<\/a>\u00a0\u00a0 <a href=\"http:\/\/appartements-buedingen.de\/wohnen-am-schlosspark-eg\"><span style=\"color: #333399;\">Wohnen Am Schlosspark EG<\/span><\/a>\u00a0\u00a0 <a href=\"http:\/\/appartements-buedingen.de\/ambiente-mediterran\">Ambiente Mediterran<\/a>\u00a0\u00a0 <a href=\"http:\/\/appartements-buedingen.de\/buedingen\"><span style=\"color: #333399;\">B\u00fcdingen<\/span><\/a>\u00a0\u00a0 <a href=\"http:\/\/appartements-buedingen.de\/bad-kissingen\">Bad Kissingen<\/a>\u00a0\u00a0 <a href=\"http:\/\/appartements-buedingen.de\/preise\"><span style=\"color: #333399;\">Preise<\/span><\/a>\u00a0\u00a0 <a href=\"http:\/\/appartements-buedingen.de\/kontakt\">Kontakt<\/a>\u00a0\u00a0 <a href=\"http:\/\/appartements-buedingen.de\/anfahrt\"><span style=\"color: #333399;\">Anfahrt<\/span><\/a>\u00a0\u00a0 <a href=\"http:\/\/appartements-buedingen.de\/hausordnung\"><span style=\"color: #333333;\">Hausordnung<\/span><\/a>\u00a0\u00a0 <a href=\"http:\/\/appartements-buedingen.de\/links\"><span style=\"color: #333399;\">Links<\/span><\/a><\/span><\/p>","protected":false},"excerpt":{"rendered":"<p>Familie Neuhaus Am Hain 10 D-63654 B\u00fcdingen wohnenamschlosspark(\u00e4t)web.de Fon: +49 (0)1738005856 Herausgeber (V.i.S.d.P.) &amp; Redaktion: Rika Neuhaus Datenschutz Alle personenbezogenen Daten werden [&hellip;]<\/p>\n","protected":false},"author":1,"featured_media":0,"parent":0,"menu_order":0,"comment_status":"closed","ping_status":"closed","template":"","meta":{"footnotes":""},"class_list":["post-25","page","type-page","status-publish","hentry"],"aioseo_notices":[],"yoast_head":"<!-- This site is optimized with the Yoast SEO plugin v27.4 - https:\/\/yoast.com\/product\/yoast-seo-wordpress\/ -->\n<title>Impressum - Appartements-B\u00fcdingen<\/title>\n<meta name=\"robots\" content=\"index, follow, max-snippet:-1, max-image-preview:large, max-video-preview:-1\" \/>\n<link rel=\"canonical\" href=\"https:\/\/appartements-buedingen.de\/impressum\" \/>\n<meta property=\"og:locale\" content=\"en_US\" \/>\n<meta property=\"og:type\" content=\"article\" \/>\n<meta property=\"og:title\" content=\"Impressum - Appartements-B\u00fcdingen\" \/>\n<meta property=\"og:description\" content=\"Familie Neuhaus Am Hain 10 D-63654 B\u00fcdingen wohnenamschlosspark(\u00e4t)web.de Fon: +49 (0)1738005856 Herausgeber (V.i.S.d.P.) &amp; Redaktion: Rika Neuhaus Datenschutz Alle personenbezogenen Daten werden [&hellip;]\" \/>\n<meta property=\"og:url\" content=\"https:\/\/appartements-buedingen.de\/impressum\" \/>\n<meta property=\"og:site_name\" content=\"Appartements-B\u00fcdingen\" \/>\n<meta property=\"article:modified_time\" content=\"2018-05-30T20:13:01+00:00\" \/>\n<meta name=\"twitter:card\" content=\"summary_large_image\" \/>\n<meta name=\"twitter:label1\" content=\"Est. reading time\" \/>\n\t<meta name=\"twitter:data1\" content=\"10 minutes\" \/>\n<script type=\"application\/ld+json\" class=\"yoast-schema-graph\">{\"@context\":\"https:\\\/\\\/schema.org\",\"@graph\":[{\"@type\":\"WebPage\",\"@id\":\"https:\\\/\\\/appartements-buedingen.de\\\/impressum\",\"url\":\"https:\\\/\\\/appartements-buedingen.de\\\/impressum\",\"name\":\"Impressum - Appartements-B\u00fcdingen\",\"isPartOf\":{\"@id\":\"https:\\\/\\\/appartements-buedingen.de\\\/#website\"},\"datePublished\":\"2017-05-08T11:38:53+00:00\",\"dateModified\":\"2018-05-30T20:13:01+00:00\",\"breadcrumb\":{\"@id\":\"https:\\\/\\\/appartements-buedingen.de\\\/impressum#breadcrumb\"},\"inLanguage\":\"en-US\",\"potentialAction\":[{\"@type\":\"ReadAction\",\"target\":[\"https:\\\/\\\/appartements-buedingen.de\\\/impressum\"]}]},{\"@type\":\"BreadcrumbList\",\"@id\":\"https:\\\/\\\/appartements-buedingen.de\\\/impressum#breadcrumb\",\"itemListElement\":[{\"@type\":\"ListItem\",\"position\":1,\"name\":\"Startseite\",\"item\":\"https:\\\/\\\/appartements-buedingen.de\\\/\"},{\"@type\":\"ListItem\",\"position\":2,\"name\":\"Impressum\"}]},{\"@type\":\"WebSite\",\"@id\":\"https:\\\/\\\/appartements-buedingen.de\\\/#website\",\"url\":\"https:\\\/\\\/appartements-buedingen.de\\\/\",\"name\":\"Appartements-B\u00fcdingen\",\"description\":\"\",\"potentialAction\":[{\"@type\":\"SearchAction\",\"target\":{\"@type\":\"EntryPoint\",\"urlTemplate\":\"https:\\\/\\\/appartements-buedingen.de\\\/?s={search_term_string}\"},\"query-input\":{\"@type\":\"PropertyValueSpecification\",\"valueRequired\":true,\"valueName\":\"search_term_string\"}}],\"inLanguage\":\"en-US\"}]}<\/script>\n<!-- \/ Yoast SEO plugin. -->","yoast_head_json":{"title":"Impressum - Appartements-B\u00fcdingen","robots":{"index":"index","follow":"follow","max-snippet":"max-snippet:-1","max-image-preview":"max-image-preview:large","max-video-preview":"max-video-preview:-1"},"canonical":"https:\/\/appartements-buedingen.de\/impressum","og_locale":"en_US","og_type":"article","og_title":"Impressum - Appartements-B\u00fcdingen","og_description":"Familie Neuhaus Am Hain 10 D-63654 B\u00fcdingen wohnenamschlosspark(\u00e4t)web.de Fon: +49 (0)1738005856 Herausgeber (V.i.S.d.P.) &amp; Redaktion: Rika Neuhaus Datenschutz Alle personenbezogenen Daten werden [&hellip;]","og_url":"https:\/\/appartements-buedingen.de\/impressum","og_site_name":"Appartements-B\u00fcdingen","article_modified_time":"2018-05-30T20:13:01+00:00","twitter_card":"summary_large_image","twitter_misc":{"Est. reading time":"10 minutes"},"schema":{"@context":"https:\/\/schema.org","@graph":[{"@type":"WebPage","@id":"https:\/\/appartements-buedingen.de\/impressum","url":"https:\/\/appartements-buedingen.de\/impressum","name":"Impressum - Appartements-B\u00fcdingen","isPartOf":{"@id":"https:\/\/appartements-buedingen.de\/#website"},"datePublished":"2017-05-08T11:38:53+00:00","dateModified":"2018-05-30T20:13:01+00:00","breadcrumb":{"@id":"https:\/\/appartements-buedingen.de\/impressum#breadcrumb"},"inLanguage":"en-US","potentialAction":[{"@type":"ReadAction","target":["https:\/\/appartements-buedingen.de\/impressum"]}]},{"@type":"BreadcrumbList","@id":"https:\/\/appartements-buedingen.de\/impressum#breadcrumb","itemListElement":[{"@type":"ListItem","position":1,"name":"Startseite","item":"https:\/\/appartements-buedingen.de\/"},{"@type":"ListItem","position":2,"name":"Impressum"}]},{"@type":"WebSite","@id":"https:\/\/appartements-buedingen.de\/#website","url":"https:\/\/appartements-buedingen.de\/","name":"Appartements-B\u00fcdingen","description":"","potentialAction":[{"@type":"SearchAction","target":{"@type":"EntryPoint","urlTemplate":"https:\/\/appartements-buedingen.de\/?s={search_term_string}"},"query-input":{"@type":"PropertyValueSpecification","valueRequired":true,"valueName":"search_term_string"}}],"inLanguage":"en-US"}]}},"_links":{"self":[{"href":"https:\/\/appartements-buedingen.de\/en\/wp-json\/wp\/v2\/pages\/25","targetHints":{"allow":["GET"]}}],"collection":[{"href":"https:\/\/appartements-buedingen.de\/en\/wp-json\/wp\/v2\/pages"}],"about":[{"href":"https:\/\/appartements-buedingen.de\/en\/wp-json\/wp\/v2\/types\/page"}],"author":[{"embeddable":true,"href":"https:\/\/appartements-buedingen.de\/en\/wp-json\/wp\/v2\/users\/1"}],"replies":[{"embeddable":true,"href":"https:\/\/appartements-buedingen.de\/en\/wp-json\/wp\/v2\/comments?post=25"}],"version-history":[{"count":8,"href":"https:\/\/appartements-buedingen.de\/en\/wp-json\/wp\/v2\/pages\/25\/revisions"}],"predecessor-version":[{"id":411,"href":"https:\/\/appartements-buedingen.de\/en\/wp-json\/wp\/v2\/pages\/25\/revisions\/411"}],"wp:attachment":[{"href":"https:\/\/appartements-buedingen.de\/en\/wp-json\/wp\/v2\/media?parent=25"}],"curies":[{"name":"wp","href":"https:\/\/api.w.org\/{rel}","templated":true}]}}