{"id":19,"date":"2017-05-08T11:37:59","date_gmt":"2017-05-08T11:37:59","guid":{"rendered":"http:\/\/appartements-buedingen.de\/?page_id=19"},"modified":"2021-09-18T08:23:59","modified_gmt":"2021-09-18T08:23:59","slug":"ambiente-mediterran","status":"publish","type":"page","link":"https:\/\/appartements-buedingen.de\/en\/ambiente-mediterran","title":{"rendered":"Ambiente Mediterran"},"content":{"rendered":"<p>\r\n<div class=\"slider_5\">\r\n\t\t<ul id=\"slider_5\" class=\"huge-it-slider\" data-autoplay=\"0\">\r\n\t\t\t\t\t\t\t<li class=\"group\"\r\n\t\t\t\t\t\tdata-thumb=\"https:\/\/appartements-buedingen.de\/wp-content\/uploads\/2017\/05\/wohnenamschlosspark_WG3_16.jpg\">\r\n\t\t\t\t\t\t\t\t\t\t\t\t<img decoding=\"async\" src=\"https:\/\/appartements-buedingen.de\/wp-content\/uploads\/2017\/05\/wohnenamschlosspark_WG3_16.jpg\"\r\n\t\t\t\t\t\t\t alt=\"\"\/>\r\n\t\t\t\t\t\t\t\t\t\t\t\t\t\t\t\t\t\t\t\t\t\t\t<\/li>\r\n\t\t\t\t\t\t\t\t\t\t<li class=\"group\"\r\n\t\t\t\t\t\tdata-thumb=\"https:\/\/appartements-buedingen.de\/wp-content\/uploads\/2017\/05\/wohnenamschlosspark_WG3_11.jpg\">\r\n\t\t\t\t\t\t\t\t\t\t\t\t<img decoding=\"async\" src=\"https:\/\/appartements-buedingen.de\/wp-content\/uploads\/2017\/05\/wohnenamschlosspark_WG3_11.jpg\"\r\n\t\t\t\t\t\t\t alt=\"\"\/>\r\n\t\t\t\t\t\t\t\t\t\t\t\t\t\t\t\t\t\t\t\t\t\t\t<\/li>\r\n\t\t\t\t\t\t\t\t\t\t<li class=\"group\"\r\n\t\t\t\t\t\tdata-thumb=\"https:\/\/appartements-buedingen.de\/wp-content\/uploads\/2017\/05\/wohnenamschlosspark_WG3_13.jpg\">\r\n\t\t\t\t\t\t\t\t\t\t\t\t<img decoding=\"async\" src=\"https:\/\/appartements-buedingen.de\/wp-content\/uploads\/2017\/05\/wohnenamschlosspark_WG3_13.jpg\"\r\n\t\t\t\t\t\t\t alt=\"\"\/>\r\n\t\t\t\t\t\t\t\t\t\t\t\t\t\t\t\t\t\t\t\t\t\t\t<\/li>\r\n\t\t\t\t\t\t\t\t\t\t<li class=\"group\"\r\n\t\t\t\t\t\tdata-thumb=\"https:\/\/appartements-buedingen.de\/wp-content\/uploads\/2017\/05\/wohnenamschlosspark_WG3_15.jpg\">\r\n\t\t\t\t\t\t\t\t\t\t\t\t<img decoding=\"async\" src=\"https:\/\/appartements-buedingen.de\/wp-content\/uploads\/2017\/05\/wohnenamschlosspark_WG3_15.jpg\"\r\n\t\t\t\t\t\t\t alt=\"\"\/>\r\n\t\t\t\t\t\t\t\t\t\t\t\t\t\t\t\t\t\t\t\t\t\t\t<\/li>\r\n\t\t\t\t\t\t\t\t\t\t<li class=\"group\"\r\n\t\t\t\t\t\tdata-thumb=\"https:\/\/appartements-buedingen.de\/wp-content\/uploads\/2017\/05\/wohnenamschlosspark_WG3_12.jpg\">\r\n\t\t\t\t\t\t\t\t\t\t\t\t<img decoding=\"async\" src=\"https:\/\/appartements-buedingen.de\/wp-content\/uploads\/2017\/05\/wohnenamschlosspark_WG3_12.jpg\"\r\n\t\t\t\t\t\t\t alt=\"\"\/>\r\n\t\t\t\t\t\t\t\t\t\t\t\t\t\t\t\t\t\t\t\t\t\t\t<\/li>\r\n\t\t\t\t\t\t\t\t\t\t<li class=\"group\"\r\n\t\t\t\t\t\tdata-thumb=\"https:\/\/appartements-buedingen.de\/wp-content\/uploads\/2017\/05\/wohnenamschlosspark_WG3_10.jpg\">\r\n\t\t\t\t\t\t\t\t\t\t\t\t<img decoding=\"async\" src=\"https:\/\/appartements-buedingen.de\/wp-content\/uploads\/2017\/05\/wohnenamschlosspark_WG3_10.jpg\"\r\n\t\t\t\t\t\t\t alt=\"\"\/>\r\n\t\t\t\t\t\t\t\t\t\t\t\t\t\t\t\t\t\t\t\t\t\t\t<\/li>\r\n\t\t\t\t\t\t\t\t\t\t<li class=\"group\"\r\n\t\t\t\t\t\tdata-thumb=\"https:\/\/appartements-buedingen.de\/wp-content\/uploads\/2017\/05\/wohnenamschlosspark_WG3_9.jpg\">\r\n\t\t\t\t\t\t\t\t\t\t\t\t<img decoding=\"async\" src=\"https:\/\/appartements-buedingen.de\/wp-content\/uploads\/2017\/05\/wohnenamschlosspark_WG3_9.jpg\"\r\n\t\t\t\t\t\t\t alt=\"\"\/>\r\n\t\t\t\t\t\t\t\t\t\t\t\t\t\t\t\t\t\t\t\t\t\t\t<\/li>\r\n\t\t\t\t\t\t\t\t\t\t<li class=\"group\"\r\n\t\t\t\t\t\tdata-thumb=\"https:\/\/appartements-buedingen.de\/wp-content\/uploads\/2017\/05\/wohnenamschlosspark_WG3_8.jpg\">\r\n\t\t\t\t\t\t\t\t\t\t\t\t<img decoding=\"async\" src=\"https:\/\/appartements-buedingen.de\/wp-content\/uploads\/2017\/05\/wohnenamschlosspark_WG3_8.jpg\"\r\n\t\t\t\t\t\t\t alt=\"\"\/>\r\n\t\t\t\t\t\t\t\t\t\t\t\t\t\t\t\t\t\t\t\t\t\t\t<\/li>\r\n\t\t\t\t\t\t\t\t\t\t<li class=\"group\"\r\n\t\t\t\t\t\tdata-thumb=\"https:\/\/appartements-buedingen.de\/wp-content\/uploads\/2017\/05\/wohnenamschlosspark_WG3_4.jpg\">\r\n\t\t\t\t\t\t\t\t\t\t\t\t<img decoding=\"async\" src=\"https:\/\/appartements-buedingen.de\/wp-content\/uploads\/2017\/05\/wohnenamschlosspark_WG3_4.jpg\"\r\n\t\t\t\t\t\t\t alt=\"\"\/>\r\n\t\t\t\t\t\t\t\t\t\t\t\t\t\t\t\t\t\t\t\t\t\t\t<\/li>\r\n\t\t\t\t\t\t\t\t\t\t<li class=\"group\"\r\n\t\t\t\t\t\tdata-thumb=\"https:\/\/appartements-buedingen.de\/wp-content\/uploads\/2017\/05\/wohnenamschlosspark_WG3_5.jpg\">\r\n\t\t\t\t\t\t\t\t\t\t\t\t<img decoding=\"async\" src=\"https:\/\/appartements-buedingen.de\/wp-content\/uploads\/2017\/05\/wohnenamschlosspark_WG3_5.jpg\"\r\n\t\t\t\t\t\t\t alt=\"\"\/>\r\n\t\t\t\t\t\t\t\t\t\t\t\t\t\t\t\t\t\t\t\t\t\t\t<\/li>\r\n\t\t\t\t\t\t\t\t\t\t<li class=\"group\"\r\n\t\t\t\t\t\tdata-thumb=\"https:\/\/appartements-buedingen.de\/wp-content\/uploads\/2017\/05\/wohnenamschlosspark_WG3_7.jpg\">\r\n\t\t\t\t\t\t\t\t\t\t\t\t<img decoding=\"async\" src=\"https:\/\/appartements-buedingen.de\/wp-content\/uploads\/2017\/05\/wohnenamschlosspark_WG3_7.jpg\"\r\n\t\t\t\t\t\t\t alt=\"\"\/>\r\n\t\t\t\t\t\t\t\t\t\t\t\t\t\t\t\t\t\t\t\t\t\t\t<\/li>\r\n\t\t\t\t\t\t\t\t\t\t<li class=\"group\"\r\n\t\t\t\t\t\tdata-thumb=\"https:\/\/appartements-buedingen.de\/wp-content\/uploads\/2017\/05\/wohnenamschlosspark_WG3_6.jpg\">\r\n\t\t\t\t\t\t\t\t\t\t\t\t<img decoding=\"async\" src=\"https:\/\/appartements-buedingen.de\/wp-content\/uploads\/2017\/05\/wohnenamschlosspark_WG3_6.jpg\"\r\n\t\t\t\t\t\t\t alt=\"\"\/>\r\n\t\t\t\t\t\t\t\t\t\t\t\t\t\t\t\t\t\t\t\t\t\t\t<\/li>\r\n\t\t\t\t\t\t\t\t\t\t<li class=\"group\"\r\n\t\t\t\t\t\tdata-thumb=\"https:\/\/appartements-buedingen.de\/wp-content\/uploads\/2017\/05\/wohnenamschlosspark_WG3_2.jpg\">\r\n\t\t\t\t\t\t\t\t\t\t\t\t<img decoding=\"async\" src=\"https:\/\/appartements-buedingen.de\/wp-content\/uploads\/2017\/05\/wohnenamschlosspark_WG3_2.jpg\"\r\n\t\t\t\t\t\t\t alt=\"\"\/>\r\n\t\t\t\t\t\t\t\t\t\t\t\t\t\t\t\t\t\t\t\t\t\t\t<\/li>\r\n\t\t\t\t\t\t\t\t\t\t<li class=\"group\"\r\n\t\t\t\t\t\tdata-thumb=\"https:\/\/appartements-buedingen.de\/wp-content\/uploads\/2017\/05\/wohnenamschlosspark_WG3_3.jpg\">\r\n\t\t\t\t\t\t\t\t\t\t\t\t<img decoding=\"async\" src=\"https:\/\/appartements-buedingen.de\/wp-content\/uploads\/2017\/05\/wohnenamschlosspark_WG3_3.jpg\"\r\n\t\t\t\t\t\t\t alt=\"\"\/>\r\n\t\t\t\t\t\t\t\t\t\t\t\t\t\t\t\t\t\t\t\t\t\t\t<\/li>\r\n\t\t\t\t\t\t\t\t\t\t<li class=\"group\"\r\n\t\t\t\t\t\tdata-thumb=\"https:\/\/appartements-buedingen.de\/wp-content\/uploads\/2017\/05\/wohnenamschlosspark_WG3_1.jpg\">\r\n\t\t\t\t\t\t\t\t\t\t\t\t<img decoding=\"async\" src=\"https:\/\/appartements-buedingen.de\/wp-content\/uploads\/2017\/05\/wohnenamschlosspark_WG3_1.jpg\"\r\n\t\t\t\t\t\t\t alt=\"\"\/>\r\n\t\t\t\t\t\t\t\t\t\t\t\t\t\t\t\t\t\t\t\t\t\t\t<\/li>\r\n\t\t\t\t\t\t<\/ul>\r\n<\/div>\r\n<script>\r\n\tjQuery(function (){\r\n\t\tif(singleSlider_5.view !== 'carousel1'){\r\n\t\t\tjQuery('#slider_5').sliderPlugin({\r\n\t\t\t\tmaxWidth: singleSlider_5.width,\r\n\t\t\t\tmaxHeight: singleSlider_5.height,\r\n\t\t\t\ttransition: singleSlider_5.effect,\r\n\t\t\t\tcontrols: singleSlider_5.navigate_by,\r\n\t\t\t\tcropImage: hugeitSliderObj.crop_image,\r\n\t\t\t\tnavigation: hugeitSliderObj.show_arrows,\r\n\t\t\t\tdelay: +singleSlider_5.pause_time,\r\n\t\t\t\ttransitionDuration: +singleSlider_5.change_speed,\r\n\t\t\t\tpauseOnHover: singleSlider_5.pause_on_hover\r\n\t\t\t});\r\n\t\t} else {\r\n\t\t\tvar $pager = false,\r\n\t\t\t\t$thumb = false;\r\n\t\t\tswitch(singleSlider_5.navigate_by){\r\n\t\t\t\tcase 'dot':\r\n\t\t\t\t\t$pager = true;\r\n\t\t\t\t\t$thumb = false;\r\n\t\t\t\t\tbreak;\r\n\t\t\t\tcase 'thumbnail':\r\n\t\t\t\t\t$pager = true;\r\n\t\t\t\t\t$thumb = true;\r\n\t\t\t\t\tbreak;\r\n\t\t\t\tcase 'none':\r\n\t\t\t\t\t$pager = false;\r\n\t\t\t\t\t$thumb = false;\r\n\t\t\t\t\tbreak;\r\n\t\t\t}\r\n\r\n\t\t\tjQuery('#slider_5').lightSlider({\r\n\t\t\t\titem: +singleSlider_5.itemscount,\r\n\t\t\t\tpause: +singleSlider_5.pause_time,\r\n\t\t\t\tspeed: +singleSlider_5.change_speed,\r\n\t\t\t\tpager: $pager,\r\n\t\t\t\tgallery: $thumb,\r\n\t\t\t\tpauseOnHover: +singleSlider_5.pause_on_hover,\r\n\t\t\t\tthumbItem: +hugeitSliderObj.thumb_count_slides,\r\n\t\t\t\tcontrols: +hugeitSliderObj.show_arrows,\r\n\t\t\t\tmaxWidth: singleSlider_5.width,\r\n\t\t\t\tmaxHeight: singleSlider_5.height,\r\n\t\t\t\tdotsPos: hugeitSliderObj.navigation_position\r\n\t\t\t});\r\n\t\t}\r\n\t});\r\n<\/script><style>\r\n\r\nul#slider_5 {\r\n\tmargin: 0;\r\n\twidth: 100%;\r\n\theight: 100%;\r\n\tmax-width: 1000px;\r\n\tmax-height: 500px;\r\n\toverflow: visible;\r\n\tpadding: 0;\r\n}\r\n\r\n.slider_5 {\r\n\twidth: 100%;\r\n\theight: 100%;\r\n\tmax-width: 1000px;\r\n\tmax-height: 500px;\r\nleft: 0;}\r\n.huge-it-wrap:after,\r\n.huge-it-slider:after,\r\n.huge-it-thumb-wrap:after,\r\n.huge-it-arrows:after,\r\n.huge-it-caption:after {\r\n\tcontent: \".\";\r\n\tdisplay: block;\r\n\theight: 0;\r\n\tclear: both;\r\n\tline-height: 0;\r\n\tvisibility: hidden;\r\n}\r\n\r\n.video_cover, .playSlider, .pauseSlider, div[class*=playButton] {\r\n\tdisplay: none !important;\r\n}\r\n\r\n.huge-it-thumb-wrap .video_cover {\r\n\tdisplay: block !important;\r\n}\r\n\r\niframe.huge_it_vimeo_iframe {\r\n\theight: 500px;\r\n}\r\n\r\ndiv[class*=slider-loader-] {\r\n\tbackground: rgba(0, 0, 0, 0) url(https:\/\/appartements-buedingen.de\/wp-content\/plugins\/slider-image\/assets\/images\/front\/loading\/loading1.gif) no-repeat center;\r\n\theight: 90px;\r\n\toverflow: hidden;\r\n\tposition: absolute;\r\n\ttop: 205px;;\r\n\twidth: 1000px;;\r\n\tz-index: 3;\r\n}\r\n\r\n.huge-it-wrap {\r\n\topacity: 0;\r\n\tposition: relative;\r\n\tborder: 0px solid #ffffff;\r\n\t-webkit-border-radius: 0px;\r\n\t-moz-border-radius: 0px;\r\n\tborder-radius: 0px;\r\noverflow: hidden;;\r\n}\r\n\r\n.huge-it-slide-bg {\r\n\tbackground: rgba(255,255,255,1);\r\nheight: 100%}\r\n\r\n.huge-it-caption {\r\n\tposition: absolute;\r\n\tdisplay: block;\r\n}\r\n\r\n.huge-it-caption div {\r\n\tpadding: 10px 20px;\r\n\tline-height: normal;\r\n}\r\n\r\n.slider-title {\r\n\twidth: calc(30% - 20px);\r\n\tmargin: 10px;\r\n\tfont-size: 13px;\r\n\tcolor: #000000;\r\n\ttext-align: right;\r\n\tbackground: rgba(255,255,255,0.7);\r\n\tborder: 0px solid #ffffff;\r\n\tborder-radius: 4px;\r\nright: 0 !important; top: 0;}\r\n\r\n.slider-description {\r\n\twidth: calc(70% - 20px);\r\n\tmargin: 10px;\r\n\tfont-size: 13px;\r\n\tcolor: #ffffff;\r\n\ttext-align: justify;\r\n\tbackground: rgba(0,0,0,0.7);\r\n\r\n\r\n\tborder: 0px solid #ffffff;\r\n\tborder-radius: 0px;\r\nright: 0 !important; bottom: 0;}\r\n\r\n.slider_5 .huge-it-slider > li {\r\n\tlist-style: none;\r\n\tfilter: alpha(opacity=0);\r\n\topacity: 0;\r\n\twidth: 100%;\r\n\theight: 100%;\r\n\tmargin: 0 -100% 0 0;\r\n\tpadding: 0;\r\n\tfloat: left;\r\n\tposition: relative;\r\n;\r\n\toverflow: hidden;\r\n}\r\n\r\n.slider_5 .huge-it-slider > li > a {\r\n\tdisplay: block;\r\n\tpadding: 0;\r\n\tbackground: none;\r\n\t-webkit-border-radius: 0;\r\n\t-moz-border-radius: 0;\r\n\tborder-radius: 0;\r\n\twidth: 100%;\r\n\theight: 100%;\r\n}\r\n\r\n.slider_5 .huge-it-slider > li img {\r\n\tmax-width: 100%;\r\n\tmax-height: 100%;\r\n\tmargin: 0;\r\n\tcursor: pointer;\r\n}\r\n\r\n.slider_5 .huge-it-slide-bg, .slider_5 .huge-it-slider > li, .slider_5 .huge-it-slider > li > a, .slider_5 .huge-it-slider > li img {\r\n;\r\n}\r\n\r\n.huge-it-dot-wrap {\r\n\tposition: absolute;\r\ntop: 5px;height: 20px;\tleft: 50%;\r\n\ttransform: translateX(-50%);\r\n\tz-index: 999;\r\n}\r\n\r\n.huge-it-dot-wrap a {\r\n\t-webkit-border-radius: 8px;\r\n\t-moz-border-radius: 8px;\r\n\tborder-radius: 8px;\r\n\tcursor: pointer;\r\n\tdisplay: block;\r\n\tfloat: left;\r\n\theight: 11px;\r\n\tmargin: 2px !important;\r\n\tposition: relative;\r\n\ttext-align: left;\r\n\ttext-indent: 9999px;\r\n\twidth: 11px !important;\r\n\tbackground: #000000;\r\n\tbox-shadow: none;\r\n}\r\n\r\n.huge-it-dot-wrap a.active:focus, .huge-it-dot-wrap a:focus,\r\n.huge-it-thumb-wrap > a:focus, .huge-it-thumb-wrap > a.active:focus {\r\n\toutline: none;\r\n}\r\n\r\n.huge-it-dot-wrap a:hover {\r\n\tbackground: #000000;\r\n\tbox-shadow: none !important;\r\n}\r\n\r\n.huge-it-dot-wrap a.active {\r\n\tbackground: #ffffff;\r\n\tbox-shadow: none;\r\n}\r\n\r\n.huge-it-thumb-wrap {\r\n\tbackground: #ffffff;\r\n\theight: 105px ;\r\n\tmargin-left: 0;\r\n;\r\n}\r\n\r\n.huge-it-thumb-wrap a.active img {\r\n\tborder-radius: 5px;\r\n\topacity: 1;\r\n}\r\n\r\n.huge-it-thumb-wrap > a {\r\n\theight: 100px;\r\n\tdisplay: block;\r\n\tfloat: left;\r\n\tposition: relative;\r\n\t-moz-box-sizing: border-box;\r\n\t-webkit-box-sizing: border-box;\r\n\tbox-sizing: border-box;\r\n\tbackground: #ffffff;\r\n}\r\n\r\n.huge-it-thumb-wrap a img {\r\n\topacity: 1;\r\n\theight: 100px;\r\n\twidth: 100%;\r\n\tdisplay: block;\r\n\t-ms-interpolation-mode: bicubic;\r\n\tbox-shadow: none !important;\r\n}\r\n\r\na.thumb_arr {\r\n\tposition: absolute;\r\n\theight: 20px;\r\n\twidth: 15px;\r\n\tbottom: 40px;\r\n\tz-index: 100;\r\n\tbox-shadow: none;\r\n}\r\n\r\na.thumb_prev {\r\n\tleft: 5px;\r\n\twidth:15px;\r\n\theight:20px;\r\n\tbackground:url(https:\/\/appartements-buedingen.de\/wp-content\/plugins\/slider-image\/assets\/images\/front\/arrows\/arrows1.png) left  top no-repeat;\r\n\tbackground-size: 200%;\r\n}\r\n\r\na.thumb_next {\r\n\tright:5px;\r\n\twidth:15px;\r\n\theight:20px;\r\n\tbackground:url(https:\/\/appartements-buedingen.de\/wp-content\/plugins\/slider-image\/assets\/images\/front\/arrows\/arrows1.png) right  top no-repeat;\r\n\tbackground-size: 200%;\r\n}\r\n\r\n.huge-it-grid {\r\n\tposition: absolute;\r\n\toverflow: hidden;\r\n\twidth: 100%;\r\n\theight: 100%;\r\n\tdisplay: none;\r\n}\r\n\r\n.huge-it-gridlet {\r\n\tposition: absolute;\r\n\topacity: 1;\r\n}\r\n\r\n.huge-it-arrows .huge-it-next,\r\n.huge-it-arrows .huge-it-prev {\r\n\tz-index: 1;\r\n}\r\n\r\n.huge-it-arrows:hover .huge-it-next,\r\n.huge-it-arrows:hover .huge-it-prev {\r\n\tz-index: 2;\r\n}\r\n\r\n.huge-it-arrows {\r\n\tcursor: pointer;\r\n\theight: 40px;\r\n\tmargin-top: -20px;\r\n\tposition: absolute;\r\n\ttop: 50%;\r\n\t\/*transform: translateY(-50%);*\/\r\n\twidth: 40px;\r\n\tz-index: 2;\r\n\tcolor: rgba(0, 0, 0, 0);\r\n\toutline: none;\r\n\tbox-shadow: none !important;\r\n}\r\n\r\n.huge-it-arrows:hover, .huge-it-arrows:active, .huge-it-arrows:focus,\r\n.huge-it-dot-wrap a:hover, .huge-it-dot-wrap a:active, .huge-it-dot-wrap a:focus {\r\n\toutline: none;\r\n\tbox-shadow: none !important;\r\n}\r\n\r\n.ts-arrow:hover {\r\n\topacity: .95;\r\n\ttext-decoration: none;\r\n}\r\n\r\n.huge-it-prev {\r\n\tleft:0;\r\n\tmargin-top:-21px;\r\n\theight:43px;\r\n\twidth:29px;\r\n\tbackground:url(https:\/\/appartements-buedingen.de\/wp-content\/plugins\/slider-image\/assets\/images\/front\/arrows\/arrows1.png) left  top no-repeat;\r\n\tbackground-size: 200%;\r\n}\r\n\r\n.huge-it-next {\r\n\tright:0;\r\n\tmargin-top:-21px;\r\n\theight:43px;\r\n\twidth:29px;\r\n\tbackground:url(https:\/\/appartements-buedingen.de\/wp-content\/plugins\/slider-image\/assets\/images\/front\/arrows\/arrows1.png) right top no-repeat;\r\n\tbackground-size: 200%;\r\n\r\n}\r\n<\/style>\r\n<\/p>\n<p>&nbsp;<\/p>\n<h4><span style=\"font-family: arial,helvetica,sans-serif;\"><strong>2 rooms with large south-facing balcony in B\u00fcdingen<\/strong><\/span><\/h4>\n<p><span style=\"font-family: arial,helvetica,sans-serif;\"> Spacious and modern dining room with sofa bed<\/span><br \/>\n<span style=\"font-family: arial,helvetica,sans-serif;\"> Accomodates up to six people<\/span><br \/>\n<span style=\"font-family: arial,helvetica,sans-serif;\"> Bedroom with separate access to the balcony, Kalifornia King size bed (180x200m)<\/span><br \/>\n<span style=\"font-family: arial,helvetica,sans-serif;\"> Fully-equipped kitchen\u00a0 \u2013\u00a0 Bathroom with shower and toilet<\/span><br \/>\n<span style=\"font-family: arial,helvetica,sans-serif;\"> Glass French doors in both rooms lead to the large balcony overlooking the countryside<\/span><br \/>\n<span style=\"font-family: arial,helvetica,sans-serif;\"> Internet on request (WiFi)<\/span><\/p>\n<p><span style=\"font-family: arial,helvetica,sans-serif;\">Furnishing:<\/span><br \/>\n<span style=\"font-family: arial,helvetica,sans-serif;\"> Living-dining room: Floor-to-ceiling windows with French doors extend the entire width of room, 2 sofa with sleeping function (1.40 x 21.90 m) for 1- 2 persons each, side table, TV, music system (with USB and MP3,\u2026), dining table with 4 chairs, light-colored tiled floor, partly carpeted, access to the balcony, shutters available (some electrically operated)<\/span><\/p>\n<p><span style=\"font-family: arial,helvetica,sans-serif;\">Bedroom: French doors to balcony, bed (1.80 m wide, 2 mattresses), 2 wardrobes, real wood floor (bamboo parquet), shutters available<\/span><\/p>\n<p><span style=\"font-family: arial,helvetica,sans-serif;\">Kitchen: fully equipped with 4-burner stove and oven, exhaust hood, refrigerator, microwave, coffee maker, espresso maker, toaster, kettle, crockery, cutlery, pots and pans, etc. Small table with stool.<\/span><\/p>\n<p><span style=\"font-family: arial,helvetica,sans-serif;\">Bathroom: shower, toilet, mirror cabinet<\/span><br \/>\n<span style=\"font-family: arial,helvetica,sans-serif;\"> Entrance hall way with large mirror<\/span><br \/>\n<span style=\"font-family: arial,helvetica,sans-serif;\"> Washing machine in the basement (3 Euro fee per load)<\/span><br \/>\n<span style=\"font-family: arial,helvetica,sans-serif;\"> Designated parking space No. 11<\/span><br \/>\n<span style=\"font-family: arial,helvetica,sans-serif;\"> Internet possible on request (Wifi).<\/span><br \/>\n<span style=\"font-family: arial,helvetica,sans-serif;\"> Vacuum cleaner, broom, hair dryer, iron are available in the apartment<\/span><br \/>\n<span style=\"font-family: arial,helvetica,sans-serif;\"> Non-smoking, no pets<\/span><br \/>\n<span style=\"font-family: arial,helvetica,sans-serif;\"> Check-in from 5 p.m. or later<\/span><br \/>\n<span style=\"font-family: arial,helvetica,sans-serif;\"> Check-out 11 a.m. latest<\/span><br \/>\n<span style=\"font-family: arial,helvetica,sans-serif;\"> <strong>Adress<\/strong>: Orlesh\u00e4user Stra\u00dfe 8, 3rd floor, 63654 B\u00fcdingen\/Hesse<\/span><\/p>\n<p><span style=\"font-family: arial,helvetica,sans-serif;\">Here you can find our other vacation apartments:<\/span><\/p>\n<p><span style=\"font-family: arial,helvetica,sans-serif;\"><a href=\"http:\/\/appartements-buedingen.de\/\"><span style=\"color: #333399;\">Unsere Fewos<\/span><\/a>\u00a0\u00a0 <a href=\"http:\/\/appartements-buedingen.de\/wohnung1\">Wohnen Am Schlosspark OG<\/a>\u00a0\u00a0 <a href=\"http:\/\/appartements-buedingen.de\/wohnen-am-schlosspark-eg\"><span style=\"color: #333399;\">Wohnen Am Schlosspark EG<\/span><\/a>\u00a0\u00a0 <a href=\"http:\/\/appartements-buedingen.de\/storno\"><span style=\"color: #333333;\">Storno<\/span><\/a> \u00a0 <a href=\"http:\/\/appartements-buedingen.de\/buedingen\"><span style=\"color: #333399;\">B\u00fcdingen<\/span><\/a>\u00a0\u00a0 <a href=\"http:\/\/appartements-buedingen.de\/bad-kissingen\">Bad Kissingen<\/a>\u00a0\u00a0 <a href=\"http:\/\/appartements-buedingen.de\/preise\"><span style=\"color: #333399;\">Preise<\/span><\/a>\u00a0\u00a0 <a href=\"http:\/\/appartements-buedingen.de\/kontakt\">Kontakt<\/a>\u00a0\u00a0 <a href=\"http:\/\/appartements-buedingen.de\/anfahrt\"><span style=\"color: #333399;\">Anfahrt<\/span><\/a>\u00a0\u00a0 <a href=\"http:\/\/appartements-buedingen.de\/hausordnung\"><span style=\"color: #333333;\">Hausordnung<\/span><\/a>\u00a0\u00a0 <a href=\"http:\/\/appartements-buedingen.de\/links\"><span style=\"color: #333399;\">Links<\/span><\/a><\/span><\/p>","protected":false},"excerpt":{"rendered":"<p>&nbsp; 2 rooms with large south-facing balcony in B\u00fcdingen Spacious and modern dining room with sofa bed Accomodates up to six people [&hellip;]<\/p>\n","protected":false},"author":1,"featured_media":0,"parent":0,"menu_order":0,"comment_status":"closed","ping_status":"closed","template":"","meta":{"footnotes":""},"class_list":["post-19","page","type-page","status-publish","hentry"],"aioseo_notices":[],"yoast_head":"<!-- This site is optimized with the Yoast SEO plugin v27.3 - https:\/\/yoast.com\/product\/yoast-seo-wordpress\/ -->\n<title>Ambiente Mediterran<\/title>\n<meta name=\"description\" content=\"Ambiente Mediterran 2-Zimmer-Wohnung mit S\u00fcdbalkon direkt in B\u00fcdingen Durch die Glasfenster bis zum Fu\u00dfboden \u00fcber die gesamte Breite des Wohn-\" \/>\n<meta name=\"robots\" content=\"index, follow, max-snippet:-1, max-image-preview:large, max-video-preview:-1\" \/>\n<link rel=\"canonical\" href=\"https:\/\/appartements-buedingen.de\/ambiente-mediterran\" \/>\n<meta property=\"og:locale\" content=\"en_US\" \/>\n<meta property=\"og:type\" content=\"article\" \/>\n<meta property=\"og:title\" content=\"Ambiente Mediterran\" \/>\n<meta property=\"og:description\" content=\"Ambiente Mediterran 2-Zimmer-Wohnung mit S\u00fcdbalkon direkt in B\u00fcdingen Durch die Glasfenster bis zum Fu\u00dfboden \u00fcber die gesamte Breite des Wohn-\" \/>\n<meta property=\"og:url\" content=\"https:\/\/appartements-buedingen.de\/ambiente-mediterran\" \/>\n<meta property=\"og:site_name\" content=\"Appartements-B\u00fcdingen\" \/>\n<meta property=\"article:modified_time\" content=\"2021-09-18T08:23:59+00:00\" \/>\n<meta name=\"twitter:card\" content=\"summary_large_image\" \/>\n<meta name=\"twitter:label1\" content=\"Est. reading time\" \/>\n\t<meta name=\"twitter:data1\" content=\"2 minutes\" \/>\n<script type=\"application\/ld+json\" class=\"yoast-schema-graph\">{\"@context\":\"https:\\\/\\\/schema.org\",\"@graph\":[{\"@type\":\"WebPage\",\"@id\":\"https:\\\/\\\/appartements-buedingen.de\\\/ambiente-mediterran\",\"url\":\"https:\\\/\\\/appartements-buedingen.de\\\/ambiente-mediterran\",\"name\":\"Ambiente Mediterran\",\"isPartOf\":{\"@id\":\"https:\\\/\\\/appartements-buedingen.de\\\/#website\"},\"datePublished\":\"2017-05-08T11:37:59+00:00\",\"dateModified\":\"2021-09-18T08:23:59+00:00\",\"description\":\"Ambiente Mediterran 2-Zimmer-Wohnung mit S\u00fcdbalkon direkt in B\u00fcdingen Durch die Glasfenster bis zum Fu\u00dfboden \u00fcber die gesamte Breite des Wohn-\",\"breadcrumb\":{\"@id\":\"https:\\\/\\\/appartements-buedingen.de\\\/ambiente-mediterran#breadcrumb\"},\"inLanguage\":\"en-US\",\"potentialAction\":[{\"@type\":\"ReadAction\",\"target\":[\"https:\\\/\\\/appartements-buedingen.de\\\/ambiente-mediterran\"]}]},{\"@type\":\"BreadcrumbList\",\"@id\":\"https:\\\/\\\/appartements-buedingen.de\\\/ambiente-mediterran#breadcrumb\",\"itemListElement\":[{\"@type\":\"ListItem\",\"position\":1,\"name\":\"Startseite\",\"item\":\"https:\\\/\\\/appartements-buedingen.de\\\/\"},{\"@type\":\"ListItem\",\"position\":2,\"name\":\"Ambiente Mediterran\"}]},{\"@type\":\"WebSite\",\"@id\":\"https:\\\/\\\/appartements-buedingen.de\\\/#website\",\"url\":\"https:\\\/\\\/appartements-buedingen.de\\\/\",\"name\":\"Appartements-B\u00fcdingen\",\"description\":\"\",\"potentialAction\":[{\"@type\":\"SearchAction\",\"target\":{\"@type\":\"EntryPoint\",\"urlTemplate\":\"https:\\\/\\\/appartements-buedingen.de\\\/?s={search_term_string}\"},\"query-input\":{\"@type\":\"PropertyValueSpecification\",\"valueRequired\":true,\"valueName\":\"search_term_string\"}}],\"inLanguage\":\"en-US\"}]}<\/script>\n<!-- \/ Yoast SEO plugin. -->","yoast_head_json":{"title":"Ambiente Mediterran","description":"Ambiente Mediterran 2-Zimmer-Wohnung mit S\u00fcdbalkon direkt in B\u00fcdingen Durch die Glasfenster bis zum Fu\u00dfboden \u00fcber die gesamte Breite des Wohn-","robots":{"index":"index","follow":"follow","max-snippet":"max-snippet:-1","max-image-preview":"max-image-preview:large","max-video-preview":"max-video-preview:-1"},"canonical":"https:\/\/appartements-buedingen.de\/ambiente-mediterran","og_locale":"en_US","og_type":"article","og_title":"Ambiente Mediterran","og_description":"Ambiente Mediterran 2-Zimmer-Wohnung mit S\u00fcdbalkon direkt in B\u00fcdingen Durch die Glasfenster bis zum Fu\u00dfboden \u00fcber die gesamte Breite des Wohn-","og_url":"https:\/\/appartements-buedingen.de\/ambiente-mediterran","og_site_name":"Appartements-B\u00fcdingen","article_modified_time":"2021-09-18T08:23:59+00:00","twitter_card":"summary_large_image","twitter_misc":{"Est. reading time":"2 minutes"},"schema":{"@context":"https:\/\/schema.org","@graph":[{"@type":"WebPage","@id":"https:\/\/appartements-buedingen.de\/ambiente-mediterran","url":"https:\/\/appartements-buedingen.de\/ambiente-mediterran","name":"Ambiente Mediterran","isPartOf":{"@id":"https:\/\/appartements-buedingen.de\/#website"},"datePublished":"2017-05-08T11:37:59+00:00","dateModified":"2021-09-18T08:23:59+00:00","description":"Ambiente Mediterran 2-Zimmer-Wohnung mit S\u00fcdbalkon direkt in B\u00fcdingen Durch die Glasfenster bis zum Fu\u00dfboden \u00fcber die gesamte Breite des Wohn-","breadcrumb":{"@id":"https:\/\/appartements-buedingen.de\/ambiente-mediterran#breadcrumb"},"inLanguage":"en-US","potentialAction":[{"@type":"ReadAction","target":["https:\/\/appartements-buedingen.de\/ambiente-mediterran"]}]},{"@type":"BreadcrumbList","@id":"https:\/\/appartements-buedingen.de\/ambiente-mediterran#breadcrumb","itemListElement":[{"@type":"ListItem","position":1,"name":"Startseite","item":"https:\/\/appartements-buedingen.de\/"},{"@type":"ListItem","position":2,"name":"Ambiente Mediterran"}]},{"@type":"WebSite","@id":"https:\/\/appartements-buedingen.de\/#website","url":"https:\/\/appartements-buedingen.de\/","name":"Appartements-B\u00fcdingen","description":"","potentialAction":[{"@type":"SearchAction","target":{"@type":"EntryPoint","urlTemplate":"https:\/\/appartements-buedingen.de\/?s={search_term_string}"},"query-input":{"@type":"PropertyValueSpecification","valueRequired":true,"valueName":"search_term_string"}}],"inLanguage":"en-US"}]}},"_links":{"self":[{"href":"https:\/\/appartements-buedingen.de\/en\/wp-json\/wp\/v2\/pages\/19","targetHints":{"allow":["GET"]}}],"collection":[{"href":"https:\/\/appartements-buedingen.de\/en\/wp-json\/wp\/v2\/pages"}],"about":[{"href":"https:\/\/appartements-buedingen.de\/en\/wp-json\/wp\/v2\/types\/page"}],"author":[{"embeddable":true,"href":"https:\/\/appartements-buedingen.de\/en\/wp-json\/wp\/v2\/users\/1"}],"replies":[{"embeddable":true,"href":"https:\/\/appartements-buedingen.de\/en\/wp-json\/wp\/v2\/comments?post=19"}],"version-history":[{"count":14,"href":"https:\/\/appartements-buedingen.de\/en\/wp-json\/wp\/v2\/pages\/19\/revisions"}],"predecessor-version":[{"id":460,"href":"https:\/\/appartements-buedingen.de\/en\/wp-json\/wp\/v2\/pages\/19\/revisions\/460"}],"wp:attachment":[{"href":"https:\/\/appartements-buedingen.de\/en\/wp-json\/wp\/v2\/media?parent=19"}],"curies":[{"name":"wp","href":"https:\/\/api.w.org\/{rel}","templated":true}]}}